{"id":84,"date":"2011-03-16T16:20:08","date_gmt":"2011-03-16T14:20:08","guid":{"rendered":"https:\/\/www.hsksquash.fi\/?page_id=84"},"modified":"2014-10-08T08:39:01","modified_gmt":"2014-10-08T06:39:01","slug":"kilpailutoiminta","status":"publish","type":"page","link":"https:\/\/www.hsksquash.fi\/?page_id=84","title":{"rendered":"Kilpailutoiminta"},"content":{"rendered":"<p>HSK toimii SSqL:n alaisten kilpailujen j\u00e4rjest\u00e4v\u00e4n\u00e4 seurana aina kun se vain on k\u00e4yt\u00e4nn\u00f6ss\u00e4 mahdollista, kerhon resurssit huomioon ottaen.<\/p>\n<p>HSK on ollut j\u00e4rjest\u00e4v\u00e4n\u00e4 seurana seuraavissa SSqL:n alaisissa kilpailuissa:<br \/>\n<strong>2009-10<\/strong><br \/>\nNelinpelin ep\u00e4viralliset SM-kilpailut<br \/>\nJuniorien ja seniorien GP finaali<br \/>\n<strong>2010-11<\/strong><br \/>\nNelinpelin ep\u00e4viralliset SM-kilpailut<br \/>\nJuniorien ja seniorien GP finaali<br \/>\n<strong>2011-12<\/strong><br \/>\nNelinpelin ep\u00e4viralliset SM-kilpailut<br \/>\nSeniorien GP3 kilpailu<br \/>\n<strong>2012-13<\/strong><br \/>\nHelsinki Open kv. kilpailu<br \/>\nYleisten luokkien SM-kilpailu<br \/>\n<strong>2013-14<\/strong><br \/>\nHelsinki Open kv. kilpailu<br \/>\nJuniorijoukkueiden SM-kilpailu<br \/>\nSquashin Eliitti-finaali<\/p>\n<p>Kaudella 2014-15 ohjelmassa ovat ainakin Helsinki Open, juniorijoukkueiden SM sek\u00e4 Nelinpelin ep\u00e4v. SM-kilpailu<\/p>\n","protected":false},"excerpt":{"rendered":"<p>HSK toimii SSqL:n alaisten kilpailujen j\u00e4rjest\u00e4v\u00e4n\u00e4 seurana aina kun se vain on k\u00e4yt\u00e4nn\u00f6ss\u00e4 mahdollista, kerhon resurssit huomioon ottaen. HSK on ollut j\u00e4rjest\u00e4v\u00e4n\u00e4 seurana seuraavissa SSqL:n alaisissa kilpailuissa: 2009-10 Nelinpelin ep\u00e4viralliset SM-kilpailut Juniorien ja seniorien GP finaali 2010-11 Nelinpelin ep\u00e4viralliset SM-kilpailut &hellip; <a href=\"https:\/\/www.hsksquash.fi\/?page_id=84\">Lue loppuun <span class=\"meta-nav\">&rarr;<\/span><\/a><\/p>\n","protected":false},"author":2,"featured_media":0,"parent":0,"menu_order":5,"comment_status":"open","ping_status":"closed","template":"","meta":{"footnotes":""},"class_list":["post-84","page","type-page","status-publish","hentry"],"_links":{"self":[{"href":"https:\/\/www.hsksquash.fi\/index.php?rest_route=\/wp\/v2\/pages\/84","targetHints":{"allow":["GET"]}}],"collection":[{"href":"https:\/\/www.hsksquash.fi\/index.php?rest_route=\/wp\/v2\/pages"}],"about":[{"href":"https:\/\/www.hsksquash.fi\/index.php?rest_route=\/wp\/v2\/types\/page"}],"author":[{"embeddable":true,"href":"https:\/\/www.hsksquash.fi\/index.php?rest_route=\/wp\/v2\/users\/2"}],"replies":[{"embeddable":true,"href":"https:\/\/www.hsksquash.fi\/index.php?rest_route=%2Fwp%2Fv2%2Fcomments&post=84"}],"version-history":[{"count":15,"href":"https:\/\/www.hsksquash.fi\/index.php?rest_route=\/wp\/v2\/pages\/84\/revisions"}],"predecessor-version":[{"id":1414,"href":"https:\/\/www.hsksquash.fi\/index.php?rest_route=\/wp\/v2\/pages\/84\/revisions\/1414"}],"wp:attachment":[{"href":"https:\/\/www.hsksquash.fi\/index.php?rest_route=%2Fwp%2Fv2%2Fmedia&parent=84"}],"curies":[{"name":"wp","href":"https:\/\/api.w.org\/{rel}","templated":true}]}}