{"id":72,"date":"2011-03-15T19:04:55","date_gmt":"2011-03-15T17:04:55","guid":{"rendered":"https:\/\/www.hsksquash.fi\/?page_id=72"},"modified":"2014-10-08T08:10:48","modified_gmt":"2014-10-08T06:10:48","slug":"nelinpeli","status":"publish","type":"page","link":"https:\/\/www.hsksquash.fi\/?page_id=72","title":{"rendered":"Nelinpeli"},"content":{"rendered":"<p><a href=\"https:\/\/www.hsksquash.fi\/wp-content\/uploads\/2011\/03\/4peli-01.jpg\"><img loading=\"lazy\" decoding=\"async\" class=\"alignnone size-full wp-image-234\" title=\"4peli 01\" alt=\"\" src=\"https:\/\/www.hsksquash.fi\/wp-content\/uploads\/2011\/03\/4peli-01.jpg\" width=\"595\" height=\"340\" srcset=\"https:\/\/www.hsksquash.fi\/wp-content\/uploads\/2011\/03\/4peli-01.jpg 595w, https:\/\/www.hsksquash.fi\/wp-content\/uploads\/2011\/03\/4peli-01-300x171.jpg 300w\" sizes=\"auto, (max-width: 595px) 100vw, 595px\" \/><\/a><\/p>\n<p>Squash nelinpeli on erilainen ja hauska pelin muoto. Voisi tietysti kuvitella ett\u00e4 nelj\u00e4 pelaajaa squashkent\u00e4ll\u00e4 v\u00e4ist\u00e4m\u00e4tt\u00e4 olisi yht\u00e4 kuin kaaos ja vammautumisia &#8211; n\u00e4in ei kuitenkaan ole! Nelinpeli vaatiikin ett\u00e4 pelaajat ovat sen verran kokeneita ett\u00e4 hallitsevat ly\u00f6ntitekniikkansa ja ett\u00e4 ly\u00f6nti j\u00e4tet\u00e4\u00e4n suorittamatta jos v\u00e4h\u00e4nk\u00e4\u00e4n riski osua pallolla tai mailalla kanssapelaajaan, aivan vasta-alkajille t\u00e4m\u00e4 pelimuoto ei valitettavasti sovi. Virallinen nelinpelikentt\u00e4 on normaalia squashkentt\u00e4\u00e4 hieman isompi; 7,62 x 9,75 m &#8211; Suomessa ei viel\u00e4 ole virallisia nelinpelikentt\u00e4mittaisia kentti\u00e4. Aasiassa ja Australiassa nelinpeli on sen verran suosittua ett\u00e4 siell\u00e4 pelataan ammattimaisesti ja j\u00e4rjestet\u00e4\u00e4n pelimuodon MM-kisat.<\/p>\n<p>Nelinpelist\u00e4 lis\u00e4\u00e4 liiton sivuilta: <a href=\"http:\/\/www.squash.fi\/?p=82\">http:\/\/www.squash.fi\/?p=82<\/a><\/p>\n<p>Nelinpelikisoja Helsingiss\u00e4 j\u00e4rjest\u00e4\u00e4 Kalevi Koivula; Merihaan 4-peli GP sarja jossa osakisa kerran kuussa.<br \/>\nHSK on toiminut nelinpelin ep\u00e4virallisen SM-kisan j\u00e4rjest\u00e4v\u00e4n\u00e4 seurana vuosina 2008 &#8211; 2011 ja tulee tulevaisuudessakin niit\u00e4 j\u00e4rjest\u00e4m\u00e4\u00e4n.<\/p>\n<p>HSK:lla ei ole erikseen nelinpeli\u00e4 ohjelmassaan, mutta Micke Rundman vet\u00e4\u00e4 maanantaisin ja torstaisin, klo 11.00 &#8211; 12.30, &#8221;Ma-To&#8221; nelinpelej\u00e4 Talihallissa &#8211;<br \/>\n<strong><\/strong> Jos nelinpelit kiinnostaa niin l\u00e4het\u00e4 tekstiviesti numeroon 0400 417238 (Micke Rundman).<\/p>\n<p><a href=\"https:\/\/www.hsksquash.fi\/wp-content\/uploads\/2011\/03\/MaTo-07-paita.jpg\"><img loading=\"lazy\" decoding=\"async\" class=\"alignnone size-medium wp-image-123\" title=\"MaTo 04 ill a\" alt=\"\" src=\"https:\/\/www.hsksquash.fi\/wp-content\/uploads\/2011\/03\/MaTo-07-paita-300x143.jpg\" width=\"300\" height=\"143\" srcset=\"https:\/\/www.hsksquash.fi\/wp-content\/uploads\/2011\/03\/MaTo-07-paita-300x143.jpg 300w, https:\/\/www.hsksquash.fi\/wp-content\/uploads\/2011\/03\/MaTo-07-paita-1024x489.jpg 1024w\" sizes=\"auto, (max-width: 300px) 100vw, 300px\" \/><\/a><\/p>\n<p><span style=\"color: #3366ff;\">Squash dubbel \u00e4r en annorlunda och kul version av spelet. Man kan f\u00f6rst\u00e5s tro att fyra spelare p\u00e5 en squashplan oundvikligt leder till kaos och skador &#8211; s\u00e5 \u00e4r det dock inte! F\u00f6ruts\u00e4ttningen f\u00f6r squash dubbel \u00e4r att spelarna \u00e4r s\u00e5pass erfarna att de har slagtekniken under kontroll och ett slag l\u00e4mnas oslaget om det f\u00f6refaller minsta risk att tr\u00e4ffa n\u00e5gon medspelare med bollen eller racketen &#8211; squash dubbel l\u00e4mpar sej dessv\u00e4rre inte f\u00f6r nyb\u00f6rjare. Den officiella planen f\u00f6r dubbel \u00e4r n\u00e5got st\u00f6rre \u00e4n den normala squashplanen; 7,62 x 9,75 m &#8211; i Finland har vi inte planer som uppfyller dessa m\u00e5tt. I Asien och Australien \u00e4r spelformen s\u00e5pass popul\u00e4r att man d\u00e4r spelar professionellt och arrangerar VM i squash dubbel.<\/span><\/p>\n<p><span style=\"color: #3366ff;\">Mer om squash dubbel p\u00e5 f\u00f6rbundets sidor (p\u00e5 finska): <a href=\"http:\/\/www.squash.fi\/?p=82\">http:\/\/www.squash.fi\/?p=82<\/a><\/span><\/p>\n<p><span style=\"color: #3366ff;\">T\u00e4vlingar i squash dubbel i Helsingfors arrangeras av Kalevi Koivula; Merihaan 4-peli GP serien med en delt\u00e4vling per m\u00e5nad. HSK har st\u00e5tt som arrang\u00f6r f\u00f6r de inofficiella FM-t\u00e4vlingarna under \u00e5ren 2008 &#8211; 2011 och kommer att arrangera dem ocks\u00e5 i forts\u00e4ttningen.<br \/>\n<\/span><\/p>\n<p><span style=\"color: #3366ff;\">HSK har inte squash dubbel som s\u00e5dant p\u00e5 sitt program men Micke Rundman drar &#8221;Ma-To&#8221; dubbel spel p\u00e5 m\u00e5ndagar och torsdagar kl 11.00 &#8211; 12.30 i Talihallen.<strong><\/strong> Om detta intresserar s\u00e5 s\u00e4nd ett sms till 0400 417238 (Micke Rundman)<\/span><\/p>\n","protected":false},"excerpt":{"rendered":"<p>Squash nelinpeli on erilainen ja hauska pelin muoto. Voisi tietysti kuvitella ett\u00e4 nelj\u00e4 pelaajaa squashkent\u00e4ll\u00e4 v\u00e4ist\u00e4m\u00e4tt\u00e4 olisi yht\u00e4 kuin kaaos ja vammautumisia &#8211; n\u00e4in ei kuitenkaan ole! Nelinpeli vaatiikin ett\u00e4 pelaajat ovat sen verran kokeneita ett\u00e4 hallitsevat ly\u00f6ntitekniikkansa ja ett\u00e4 &hellip; <a href=\"https:\/\/www.hsksquash.fi\/?page_id=72\">Lue loppuun <span class=\"meta-nav\">&rarr;<\/span><\/a><\/p>\n","protected":false},"author":2,"featured_media":0,"parent":0,"menu_order":6,"comment_status":"open","ping_status":"closed","template":"","meta":{"footnotes":""},"class_list":["post-72","page","type-page","status-publish","hentry"],"_links":{"self":[{"href":"https:\/\/www.hsksquash.fi\/index.php?rest_route=\/wp\/v2\/pages\/72","targetHints":{"allow":["GET"]}}],"collection":[{"href":"https:\/\/www.hsksquash.fi\/index.php?rest_route=\/wp\/v2\/pages"}],"about":[{"href":"https:\/\/www.hsksquash.fi\/index.php?rest_route=\/wp\/v2\/types\/page"}],"author":[{"embeddable":true,"href":"https:\/\/www.hsksquash.fi\/index.php?rest_route=\/wp\/v2\/users\/2"}],"replies":[{"embeddable":true,"href":"https:\/\/www.hsksquash.fi\/index.php?rest_route=%2Fwp%2Fv2%2Fcomments&post=72"}],"version-history":[{"count":19,"href":"https:\/\/www.hsksquash.fi\/index.php?rest_route=\/wp\/v2\/pages\/72\/revisions"}],"predecessor-version":[{"id":1360,"href":"https:\/\/www.hsksquash.fi\/index.php?rest_route=\/wp\/v2\/pages\/72\/revisions\/1360"}],"wp:attachment":[{"href":"https:\/\/www.hsksquash.fi\/index.php?rest_route=%2Fwp%2Fv2%2Fmedia&parent=72"}],"curies":[{"name":"wp","href":"https:\/\/api.w.org\/{rel}","templated":true}]}}