{"id":70,"date":"2011-03-15T19:00:17","date_gmt":"2011-03-15T17:00:17","guid":{"rendered":"https:\/\/www.hsksquash.fi\/?page_id=70"},"modified":"2021-02-16T12:13:25","modified_gmt":"2021-02-16T10:13:25","slug":"racketlon","status":"publish","type":"page","link":"https:\/\/www.hsksquash.fi\/?page_id=70","title":{"rendered":"Racketlon"},"content":{"rendered":"<p>Racketlon on laji, jossa pelataan p\u00f6yt\u00e4tennist\u00e4, sulkapalloa, squashia ja tennist\u00e4. Kutakin lajia pelataan yksi er\u00e4 21:een pisteeseen (kahden pisteen erolla) ja yhteenlasketut pisteet ratkaisevat voittajan. Virallisessa racketlonottelussa lajit pelataan yll\u00e4 mainitussa j\u00e4rjestyksess\u00e4.<br \/>\nRacketlon on lajina suomalainen &#8221;keksint\u00f6&#8221; ja sit\u00e4 on pelattu jo yli 20 vuotta. Lajin suurmaita ovat t\u00e4ll\u00e4 hetkell\u00e4 Suomen lis\u00e4ksi Ruotsi, It\u00e4valta, Saksa ja Hollanti.<br \/>\nKaudella 2010-2011 Suomi on voittanut MM-kilpailuissa joukkueiden, miesten kaksinpelin, naisten kaksinpelin, miesten nelinpelin ja naisten nelinpelin maailmanmestaruudet.<br \/>\nLis\u00e4\u00e4 lajista: <a href=\"http:\/\/www.racketlon.fi\" target=\"blank\" rel=\"noopener noreferrer\">www.racketlon.fi<\/a><\/p>\n<p><span style=\"color: #0000ff;\">Racketlon \u00e4r en sport, d\u00e4r man spelar pingis, badminton, squash och tennis. Varje sport spelas i ett set till 21 po\u00e4ng (med tv\u00e5 po\u00e4ngs skillnad) och det sammanlagda po\u00e4ngantalet avg\u00f6r segraren. I en officiell racketlonmatch spelas sporterna i ovann\u00e4mnda ordning.<br \/>\nRacketlon \u00e4r som sport en finsk &#8221;uppfinning&#8221; och har spelats redan i \u00f6ver 20 \u00e5r. Sportens ledande l\u00e4nder \u00e4r, f\u00f6rutom Finland, Sverige, \u00d6sterrike, Tyskland och Holland.<br \/>\nUnder s\u00e4songen 2010-2011 har Finland vunnit v\u00e4rldsm\u00e4sterskap i lag, herrsingel, damsingel, herrdubbel och damdubbel.<br \/>\nMera om sporten: <a href=\"http:\/\/www.racketlon.fi\" target=\"blank\" rel=\"noopener noreferrer\">www.racketlon.fi<\/a><\/span><\/p>\n","protected":false},"excerpt":{"rendered":"<p>Racketlon on laji, jossa pelataan p\u00f6yt\u00e4tennist\u00e4, sulkapalloa, squashia ja tennist\u00e4. Kutakin lajia pelataan yksi er\u00e4 21:een pisteeseen (kahden pisteen erolla) ja yhteenlasketut pisteet ratkaisevat voittajan. Virallisessa racketlonottelussa lajit pelataan yll\u00e4 mainitussa j\u00e4rjestyksess\u00e4. Racketlon on lajina suomalainen &#8221;keksint\u00f6&#8221; ja sit\u00e4 on &hellip; <a href=\"https:\/\/www.hsksquash.fi\/?page_id=70\">Lue loppuun <span class=\"meta-nav\">&rarr;<\/span><\/a><\/p>\n","protected":false},"author":2,"featured_media":0,"parent":10,"menu_order":6,"comment_status":"open","ping_status":"closed","template":"","meta":{"footnotes":""},"class_list":["post-70","page","type-page","status-publish","hentry"],"_links":{"self":[{"href":"https:\/\/www.hsksquash.fi\/index.php?rest_route=\/wp\/v2\/pages\/70","targetHints":{"allow":["GET"]}}],"collection":[{"href":"https:\/\/www.hsksquash.fi\/index.php?rest_route=\/wp\/v2\/pages"}],"about":[{"href":"https:\/\/www.hsksquash.fi\/index.php?rest_route=\/wp\/v2\/types\/page"}],"author":[{"embeddable":true,"href":"https:\/\/www.hsksquash.fi\/index.php?rest_route=\/wp\/v2\/users\/2"}],"replies":[{"embeddable":true,"href":"https:\/\/www.hsksquash.fi\/index.php?rest_route=%2Fwp%2Fv2%2Fcomments&post=70"}],"version-history":[{"count":11,"href":"https:\/\/www.hsksquash.fi\/index.php?rest_route=\/wp\/v2\/pages\/70\/revisions"}],"predecessor-version":[{"id":2947,"href":"https:\/\/www.hsksquash.fi\/index.php?rest_route=\/wp\/v2\/pages\/70\/revisions\/2947"}],"up":[{"embeddable":true,"href":"https:\/\/www.hsksquash.fi\/index.php?rest_route=\/wp\/v2\/pages\/10"}],"wp:attachment":[{"href":"https:\/\/www.hsksquash.fi\/index.php?rest_route=%2Fwp%2Fv2%2Fmedia&parent=70"}],"curies":[{"name":"wp","href":"https:\/\/api.w.org\/{rel}","templated":true}]}}