{"id":66,"date":"2011-03-15T18:58:13","date_gmt":"2011-03-15T16:58:13","guid":{"rendered":"https:\/\/www.hsksquash.fi\/?page_id=66"},"modified":"2014-10-08T08:11:04","modified_gmt":"2014-10-08T06:11:04","slug":"svenska-2","status":"publish","type":"page","link":"https:\/\/www.hsksquash.fi\/?page_id=66","title":{"rendered":"Svenska"},"content":{"rendered":"<p>Enligt klubbens stadgar \u00e4r klubbens spr\u00e5k finska och svenska. Vi str\u00e4var till att informationen p\u00e5 v\u00e5r sajt \u00e4r p\u00e5 b\u00e5da spr\u00e5ken, s\u00e5vitt det praktiskt \u00e4r m\u00f6jligt.<\/p>\n","protected":false},"excerpt":{"rendered":"<p>Enligt klubbens stadgar \u00e4r klubbens spr\u00e5k finska och svenska. Vi str\u00e4var till att informationen p\u00e5 v\u00e5r sajt \u00e4r p\u00e5 b\u00e5da spr\u00e5ken, s\u00e5vitt det praktiskt \u00e4r m\u00f6jligt.<\/p>\n","protected":false},"author":2,"featured_media":0,"parent":0,"menu_order":7,"comment_status":"open","ping_status":"closed","template":"","meta":{"footnotes":""},"class_list":["post-66","page","type-page","status-publish","hentry"],"_links":{"self":[{"href":"https:\/\/www.hsksquash.fi\/index.php?rest_route=\/wp\/v2\/pages\/66","targetHints":{"allow":["GET"]}}],"collection":[{"href":"https:\/\/www.hsksquash.fi\/index.php?rest_route=\/wp\/v2\/pages"}],"about":[{"href":"https:\/\/www.hsksquash.fi\/index.php?rest_route=\/wp\/v2\/types\/page"}],"author":[{"embeddable":true,"href":"https:\/\/www.hsksquash.fi\/index.php?rest_route=\/wp\/v2\/users\/2"}],"replies":[{"embeddable":true,"href":"https:\/\/www.hsksquash.fi\/index.php?rest_route=%2Fwp%2Fv2%2Fcomments&post=66"}],"version-history":[{"count":4,"href":"https:\/\/www.hsksquash.fi\/index.php?rest_route=\/wp\/v2\/pages\/66\/revisions"}],"predecessor-version":[{"id":97,"href":"https:\/\/www.hsksquash.fi\/index.php?rest_route=\/wp\/v2\/pages\/66\/revisions\/97"}],"wp:attachment":[{"href":"https:\/\/www.hsksquash.fi\/index.php?rest_route=%2Fwp%2Fv2%2Fmedia&parent=66"}],"curies":[{"name":"wp","href":"https:\/\/api.w.org\/{rel}","templated":true}]}}