{"id":64,"date":"2011-03-15T18:57:41","date_gmt":"2011-03-15T16:57:41","guid":{"rendered":"https:\/\/www.hsksquash.fi\/?page_id=64"},"modified":"2024-03-17T18:12:29","modified_gmt":"2024-03-17T16:12:29","slug":"juniorit","status":"publish","type":"page","link":"https:\/\/www.hsksquash.fi\/?page_id=64","title":{"rendered":"Juniorit"},"content":{"rendered":"<p><strong>Uudet juniorit &#8211; tervetuloa kokeilemaan!<\/strong><\/p>\n<p>Tule kokeilemaan 3 eurolla Tali-hallissa <a href=\"http:\/\/www.talihalli.fi\/\">www.talihalli.fi<\/a> Keilahallin vieress\u00e4.<br \/>\n&#8211;\u00a0Ota omat sis\u00e4pelitossut mukaan, jos on &#8211; mailan ja pallon saat lainaksi !<br \/>\n&#8211;\u00a0Kokeiluhinnat koskevat vaipaita vuoroja klo 8.00-16.00<\/p>\n<p>Voi my\u00f6s kokeilla ilmaiseksi HSK:n ohjatuissa iltap\u00e4ivien junioriryhmiss\u00e4 sopimalla asiasta valmentajan kanssa (yhteystiedot alla).<\/p>\n<p><strong>Starttikurssit<\/strong> ovat hauska ja nopea tapa p\u00e4\u00e4st\u00e4 kiinni peliin. Niit\u00e4 j\u00e4rjestet\u00e4\u00e4n iltap\u00e4ivisin lapsille ja illansuussa nuorille. Normaalisti kesto on 3 x tunti.<\/p>\n<p><strong>Alakoululuokille<\/strong> j\u00e4rjest\u00e4mme ilmaisia tutustumistreenej\u00e4. Tarjonnasta kouluille lis\u00e4\u00e4 tietoa yl\u00e4palkin kohdasta &#8217;JUNIORIT&#8217; ja sen alta &#8217;Kouluryhm\u00e4t&#8217;<\/p>\n<p>HSK:n junioritoiminnan p\u00e4\u00e4valmentaja Markku Hyrske on kokenut ammattivalmentaja.<br \/>\nTiedustelut:<br \/>\nMarkku Hyrske gsm 0400 468 355<br \/>\ntai markkuhyrske(a)gmail.com<\/p>\n<p><strong>J\u00e4seneksi<\/strong>:<br \/>\nJuniorij\u00e4senhakemuksen tulee olla kirjallinen ja huoltajan allekirjoittama. Kaavake (.doc dokumentti) l\u00f6ytyy t\u00e4\u00e4lt\u00e4: <a href=\"..\/wp-content\/uploads\/2011\/03\/HSK-junnuj%C3%A4s-hakemus.doc\">HSK juniori hakemus<\/a>. Tulosta, t\u00e4yt\u00e4 ja toimita kerholle.<\/p>\n<p><a href=\"https:\/\/www.hsksquash.fi\/wp-content\/uploads\/2011\/03\/DSC_1268-small.jpg\"><img loading=\"lazy\" decoding=\"async\" class=\"alignnone size-medium wp-image-210\" title=\"DSC_1268 small\" src=\"https:\/\/www.hsksquash.fi\/wp-content\/uploads\/2011\/03\/DSC_1268-small-277x300.jpg\" alt=\"\" width=\"277\" height=\"300\" srcset=\"https:\/\/www.hsksquash.fi\/wp-content\/uploads\/2011\/03\/DSC_1268-small-277x300.jpg 277w, https:\/\/www.hsksquash.fi\/wp-content\/uploads\/2011\/03\/DSC_1268-small.jpg 292w\" sizes=\"auto, (max-width: 277px) 100vw, 277px\" \/><\/a> <a href=\"https:\/\/www.hsksquash.fi\/wp-content\/uploads\/2011\/03\/DSC_1282-small.jpg\"><img loading=\"lazy\" decoding=\"async\" class=\"alignnone size-full wp-image-211\" title=\"DSC_1282 small\" src=\"https:\/\/www.hsksquash.fi\/wp-content\/uploads\/2011\/03\/DSC_1282-small.jpg\" alt=\"\" width=\"292\" height=\"221\" \/><\/a><\/p>\n<p><a href=\"https:\/\/www.hsksquash.fi\/wp-content\/uploads\/2011\/03\/DSC_1375-small.jpg\"><img loading=\"lazy\" decoding=\"async\" class=\"alignnone size-full wp-image-212\" title=\"DSC_1375 small\" src=\"https:\/\/www.hsksquash.fi\/wp-content\/uploads\/2011\/03\/DSC_1375-small.jpg\" alt=\"\" width=\"292\" height=\"196\" \/><\/a> <a href=\"https:\/\/www.hsksquash.fi\/wp-content\/uploads\/2011\/03\/DSC_1551-small.jpg\"><img loading=\"lazy\" decoding=\"async\" class=\"alignnone size-full wp-image-213\" title=\"DSC_1551 small\" src=\"https:\/\/www.hsksquash.fi\/wp-content\/uploads\/2011\/03\/DSC_1551-small.jpg\" alt=\"\" width=\"292\" height=\"212\" \/><\/a><\/p>\n","protected":false},"excerpt":{"rendered":"<p>Uudet juniorit &#8211; tervetuloa kokeilemaan! Tule kokeilemaan 3 eurolla Tali-hallissa www.talihalli.fi Keilahallin vieress\u00e4. &#8211;\u00a0Ota omat sis\u00e4pelitossut mukaan, jos on &#8211; mailan ja pallon saat lainaksi ! &#8211;\u00a0Kokeiluhinnat koskevat vaipaita vuoroja klo 8.00-16.00 Voi my\u00f6s kokeilla ilmaiseksi HSK:n ohjatuissa iltap\u00e4ivien junioriryhmiss\u00e4 &hellip; <a href=\"https:\/\/www.hsksquash.fi\/?page_id=64\">Lue loppuun <span class=\"meta-nav\">&rarr;<\/span><\/a><\/p>\n","protected":false},"author":2,"featured_media":0,"parent":0,"menu_order":3,"comment_status":"closed","ping_status":"closed","template":"","meta":{"footnotes":""},"class_list":["post-64","page","type-page","status-publish","hentry"],"_links":{"self":[{"href":"https:\/\/www.hsksquash.fi\/index.php?rest_route=\/wp\/v2\/pages\/64","targetHints":{"allow":["GET"]}}],"collection":[{"href":"https:\/\/www.hsksquash.fi\/index.php?rest_route=\/wp\/v2\/pages"}],"about":[{"href":"https:\/\/www.hsksquash.fi\/index.php?rest_route=\/wp\/v2\/types\/page"}],"author":[{"embeddable":true,"href":"https:\/\/www.hsksquash.fi\/index.php?rest_route=\/wp\/v2\/users\/2"}],"replies":[{"embeddable":true,"href":"https:\/\/www.hsksquash.fi\/index.php?rest_route=%2Fwp%2Fv2%2Fcomments&post=64"}],"version-history":[{"count":25,"href":"https:\/\/www.hsksquash.fi\/index.php?rest_route=\/wp\/v2\/pages\/64\/revisions"}],"predecessor-version":[{"id":3356,"href":"https:\/\/www.hsksquash.fi\/index.php?rest_route=\/wp\/v2\/pages\/64\/revisions\/3356"}],"wp:attachment":[{"href":"https:\/\/www.hsksquash.fi\/index.php?rest_route=%2Fwp%2Fv2%2Fmedia&parent=64"}],"curies":[{"name":"wp","href":"https:\/\/api.w.org\/{rel}","templated":true}]}}