{"id":3472,"date":"2024-11-11T16:32:51","date_gmt":"2024-11-11T14:32:51","guid":{"rendered":"https:\/\/www.hsksquash.fi\/?page_id=3472"},"modified":"2026-04-10T10:59:58","modified_gmt":"2026-04-10T08:59:58","slug":"kerhoillat-club-evenings","status":"publish","type":"page","link":"https:\/\/www.hsksquash.fi\/?page_id=3472","title":{"rendered":"KERHOILLAT &#8211; CLUB EVENINGS"},"content":{"rendered":"<h2>AIKUISTEN KERHOILLAT<\/h2>\n<p>Perjantaisin klo 17-19.<br \/>\nMy\u00f6s ei j\u00e4senet tervetuleita kokeilemaan.<br \/>\nNormaaleissa Kerhoilloissa pelataan eri kavereitten kanssa.<\/p>\n<p><strong>Hinnat:<\/strong><br \/>\nJ\u00e4senet 15 \u20ac &#8211; Ei j\u00e4senet 18 \u20ac<\/p>\n<p><strong>KALENTERI<\/strong><br \/>\n<strong>Kev\u00e4\u00e4n viimeinen kerhoilta perjantaina 12.6.<\/strong><br \/>\nPerjantaina 5.6. perinteinen juhlakerhoilta ja kisa.<\/p>\n<hr>\n<h2>CLUB EVENINGS FOR ADULTS<\/h2>\n<p>The Club evenings on Fridays at 5pm until 7pm.<br \/>\nNon-members are welcome to participate.<\/p>\n<p>In normal evenings games with several partners<\/p>\n<p><strong>Prices:<\/strong><br \/>\nMembers 15 \u20ac &#8211; Non-members 18 \u20ac<\/p>\n<p><strong>SCHEDULE<\/strong><br \/>\n<strong>The last club evening of the season is on Friday 12th June.<\/strong><br \/>\nThe traditional festive club evening and competition Friday 5th June.<\/p>\n","protected":false},"excerpt":{"rendered":"<p>AIKUISTEN KERHOILLAT Perjantaisin klo 17-19. My\u00f6s ei j\u00e4senet tervetuleita kokeilemaan. Normaaleissa Kerhoilloissa pelataan eri kavereitten kanssa. Hinnat: J\u00e4senet 15 \u20ac &#8211; Ei j\u00e4senet 18 \u20ac KALENTERI Kev\u00e4\u00e4n viimeinen kerhoilta perjantaina 12.6. Perjantaina 5.6. perinteinen juhlakerhoilta ja kisa. CLUB EVENINGS FOR &hellip; <a href=\"https:\/\/www.hsksquash.fi\/?page_id=3472\">Lue loppuun <span class=\"meta-nav\">&rarr;<\/span><\/a><\/p>\n","protected":false},"author":5,"featured_media":0,"parent":0,"menu_order":0,"comment_status":"closed","ping_status":"closed","template":"","meta":{"footnotes":""},"class_list":["post-3472","page","type-page","status-publish","hentry"],"_links":{"self":[{"href":"https:\/\/www.hsksquash.fi\/index.php?rest_route=\/wp\/v2\/pages\/3472","targetHints":{"allow":["GET"]}}],"collection":[{"href":"https:\/\/www.hsksquash.fi\/index.php?rest_route=\/wp\/v2\/pages"}],"about":[{"href":"https:\/\/www.hsksquash.fi\/index.php?rest_route=\/wp\/v2\/types\/page"}],"author":[{"embeddable":true,"href":"https:\/\/www.hsksquash.fi\/index.php?rest_route=\/wp\/v2\/users\/5"}],"replies":[{"embeddable":true,"href":"https:\/\/www.hsksquash.fi\/index.php?rest_route=%2Fwp%2Fv2%2Fcomments&post=3472"}],"version-history":[{"count":9,"href":"https:\/\/www.hsksquash.fi\/index.php?rest_route=\/wp\/v2\/pages\/3472\/revisions"}],"predecessor-version":[{"id":3659,"href":"https:\/\/www.hsksquash.fi\/index.php?rest_route=\/wp\/v2\/pages\/3472\/revisions\/3659"}],"wp:attachment":[{"href":"https:\/\/www.hsksquash.fi\/index.php?rest_route=%2Fwp%2Fv2%2Fmedia&parent=3472"}],"curies":[{"name":"wp","href":"https:\/\/api.w.org\/{rel}","templated":true}]}}