{"id":3359,"date":"2024-03-25T18:42:44","date_gmt":"2024-03-25T16:42:44","guid":{"rendered":"https:\/\/www.hsksquash.fi\/?page_id=3359"},"modified":"2025-10-29T13:08:17","modified_gmt":"2025-10-29T11:08:17","slug":"aloita-squash","status":"publish","type":"page","link":"https:\/\/www.hsksquash.fi\/?page_id=3359","title":{"rendered":"Aloita Squash!"},"content":{"rendered":"<h2>JUNIORIT<\/h2>\n<p><strong>Squashia yksin tai kaverin kanssa<\/strong><br \/>\n7-16-vuotiaat voivat pelata hallilla 3 eurolla p\u00e4ivisin ennen klo 16 vapailla kentill\u00e4. Mailan ja pallon saa lainaksi.<\/p>\n<p><strong>Tule ilmaiseksi kokeilukerralle<\/strong><br \/>\nVoi kokeilla ilmaiseksi ohjatuissa junioriryhmiss\u00e4 sopimalla asiasta valmentajan kanssa: markkuhyrske@gmail.com<\/p>\n<p><strong>Mailapelikerho 1.-6.-luokkalaisille<\/strong><br \/>\nklo 14-15 Ke tai To 1.-3.-luokkalaiset<br \/>\nklo 15-16 Ke tai To 4.-6.-luokkalaiset<br \/>\nVoi tulla ilmaiselle kokeilukerralle, kun ilmoittaa: markkuhyrske@gmail.com<br \/>\nHarjoittelu tapahtuu tasoryhmiss\u00e4 ammattivalmentajan ohjauksessa iloisesti sek\u00e4 sulkapallossa ett\u00e4 squashissa. Tunnilla on 30 min kumpaakin lajia.<br \/>\nHinta 10 \u20ac kerralta.<\/p>\n<h2>AIKUISET<\/h2>\n<p><strong>Voit aloittaa omatoimisesti yksin tai kaverin kanssa<\/strong><br \/>\nVaraa vuoro: talihalli.fi<br \/>\nMailan ja pallon saat ensimm\u00e4isell\u00e4 kerralla lainaksi.<\/p>\n<p><strong>AIKUISTEN SQUASHKERHO aloittelijoille ja v\u00e4h\u00e4n pelanneille<\/strong><br \/>\nTule, kun sinulle sopii &#8211; maksu vain kerroista, kun osallistut !<br \/>\nTreeni\u00e4, peli\u00e4, valmentajan opastusta, pelikavereita, liikunnan iloa !<br \/>\nTiistaisin klo 12-13, hinta 17 \u20ac \/ kerta  tai<br \/>\nTorstaisin klo 17-18 hinta 20 \u20ac \/ kerta<br \/>\nHintoihin sis\u00e4ltyy lainamailat ja pallot. Opiskelijoille 4 \u20ac alennus.<br \/>\nIlmoittautumiset ja tiedustelut: markkuhyrske@gmail.com \t\t\t<\/p>\n<p><strong>Tule HSK:n Starttikurssille!<\/strong><br \/>\nOpit hauskasti. Hinta 20-35 \u20ac \/ kerta riippuen osanottajam\u00e4\u00e4r\u00e4st\u00e4, lis\u00e4ksi kentt\u00e4vuokra 16-26 \u20ac \/ kentt\u00e4 riippuen kelloajasta. Mailan ja pallon saat lainaksi.<br \/>\nTiedustelut: markkuhyrske@gmail.com tai<br \/>\nenglanniksi valmentaja Georges Orphanou: georgesorphanou@hotmail.com<\/p>\n","protected":false},"excerpt":{"rendered":"<p>JUNIORIT Squashia yksin tai kaverin kanssa 7-16-vuotiaat voivat pelata hallilla 3 eurolla p\u00e4ivisin ennen klo 16 vapailla kentill\u00e4. Mailan ja pallon saa lainaksi. Tule ilmaiseksi kokeilukerralle Voi kokeilla ilmaiseksi ohjatuissa junioriryhmiss\u00e4 sopimalla asiasta valmentajan kanssa: markkuhyrske@gmail.com Mailapelikerho 1.-6.-luokkalaisille klo 14-15 &hellip; <a href=\"https:\/\/www.hsksquash.fi\/?page_id=3359\">Lue loppuun <span class=\"meta-nav\">&rarr;<\/span><\/a><\/p>\n","protected":false},"author":5,"featured_media":0,"parent":0,"menu_order":0,"comment_status":"closed","ping_status":"closed","template":"","meta":{"footnotes":""},"class_list":["post-3359","page","type-page","status-publish","hentry"],"_links":{"self":[{"href":"https:\/\/www.hsksquash.fi\/index.php?rest_route=\/wp\/v2\/pages\/3359","targetHints":{"allow":["GET"]}}],"collection":[{"href":"https:\/\/www.hsksquash.fi\/index.php?rest_route=\/wp\/v2\/pages"}],"about":[{"href":"https:\/\/www.hsksquash.fi\/index.php?rest_route=\/wp\/v2\/types\/page"}],"author":[{"embeddable":true,"href":"https:\/\/www.hsksquash.fi\/index.php?rest_route=\/wp\/v2\/users\/5"}],"replies":[{"embeddable":true,"href":"https:\/\/www.hsksquash.fi\/index.php?rest_route=%2Fwp%2Fv2%2Fcomments&post=3359"}],"version-history":[{"count":9,"href":"https:\/\/www.hsksquash.fi\/index.php?rest_route=\/wp\/v2\/pages\/3359\/revisions"}],"predecessor-version":[{"id":3617,"href":"https:\/\/www.hsksquash.fi\/index.php?rest_route=\/wp\/v2\/pages\/3359\/revisions\/3617"}],"wp:attachment":[{"href":"https:\/\/www.hsksquash.fi\/index.php?rest_route=%2Fwp%2Fv2%2Fmedia&parent=3359"}],"curies":[{"name":"wp","href":"https:\/\/api.w.org\/{rel}","templated":true}]}}