{"id":3087,"date":"2021-10-22T18:06:12","date_gmt":"2021-10-22T16:06:12","guid":{"rendered":"https:\/\/www.hsksquash.fi\/?page_id=3087"},"modified":"2022-12-02T16:44:03","modified_gmt":"2022-12-02T14:44:03","slug":"ilmo","status":"publish","type":"page","link":"https:\/\/www.hsksquash.fi\/?page_id=3087","title":{"rendered":"Ilmoittautumiset"},"content":{"rendered":"<h2>J\u00e4seneksi<\/h2>\n<p>Aikuisten vuosij\u00e4senmaksu on vuonna 2022 60,00 euroa. Liitymismaksua kerho ei peri.<br \/>\nKerhoilta ja muista j\u00e4rjestetyist\u00e4 tapahtumista perit\u00e4\u00e4n erikseen osallistumismaksut.<\/p>\n<p>J\u00e4seneksi ilmoittaudut\u00a0<a href=\"https:\/\/seurat.sportapi.fi\/invite\/0bdd35a9-ca08-4de9-ba52-82bb83aee2f3\">t\u00e4st\u00e4<\/a> linkist\u00e4 rekister\u00f6itym\u00e4ll\u00e4 SuomiSport palveluun.<\/p>\n<h2>Kerhoillat<\/h2>\n<p>Helsingin Squashkerho ry:n, HSK:n, kerhoillat ovat perjantaisin klo 17.00-19.00 Talihallissa, Huopalahdentie 28.<br \/>\nKerhoillat on tarkoitettu ensisijaisesti harrastajille. Kerhoiltamaksu j\u00e4senilt\u00e4 on 15,00 \u20ac ja ei-j\u00e4senilt\u00e4 18,00 \u20ac per pelaaja\/kerta.<\/p>\n<p>Maksun voit ennakkoon suorittaa <a href=\"https:\/\/test.sportapi.fi\/events\/95df79e1-f997-4cfa-a406-b38c397ff878\">t\u00e4\u00e4lt\u00e4<\/a> ilmoittautumalla tulevaan kerhoiltaan tai maksu MobilePay\u2019ll\u00e4 tai k\u00e4teisen\u00e4 paikan p\u00e4\u00e4ll\u00e4.<\/p>\n<h2>Valmennusryhm\u00e4t &#8211; Aikuiset<\/h2>\n<p>HSK:lla toimii kaksi aikuisille suunnattua valmennusryhm\u00e4\u00e4. Ole yhteydess\u00e4 niin arvioimme mik\u00e4 olisi juuri sinulle sopivin ryhm\u00e4.<\/p>\n<p>K\u00e4ynniss\u00e4 olevat ryhm\u00e4t joihin voit ilmoittautua mukaan HSK:n j\u00e4senen\u00e4.<\/p>\n<p><a href=\"https:\/\/seurat.sportapi.fi\/invite\/ac29a870-def6-4056-8831-9e9c0d49103a\">Aikuiset [Kilpa &#8211; taso 1]<\/a> suunnattu pelaajille jotka haluavat osallistua SSqL:n kilpailuihin tai liiga peleihin sek\u00e4 kehitt\u00e4\u00e4 omia pelitaitoja pelistrategian ja tekniikan osalta.<\/p>\n<p><a href=\"https:\/\/seurat.sportapi.fi\/invite\/ba6e52e6-0e9a-4670-9dc0-9a5f01317527\">Aikuiset [Harraste]<\/a> suunnattu aktiivisille harrastajille jotka haluavat kehitt\u00e4\u00e4 omaa pelivarmuutta.<\/p>\n<h2>Valmennusryhm\u00e4t &#8211; Juniorit<\/h2>\n<p>&nbsp;<\/p>\n<p>&nbsp;<\/p>\n","protected":false},"excerpt":{"rendered":"<p>J\u00e4seneksi Aikuisten vuosij\u00e4senmaksu on vuonna 2022 60,00 euroa. Liitymismaksua kerho ei peri. Kerhoilta ja muista j\u00e4rjestetyist\u00e4 tapahtumista perit\u00e4\u00e4n erikseen osallistumismaksut. J\u00e4seneksi ilmoittaudut\u00a0t\u00e4st\u00e4 linkist\u00e4 rekister\u00f6itym\u00e4ll\u00e4 SuomiSport palveluun. Kerhoillat Helsingin Squashkerho ry:n, HSK:n, kerhoillat ovat perjantaisin klo 17.00-19.00 Talihallissa, Huopalahdentie 28. Kerhoillat &hellip; <a href=\"https:\/\/www.hsksquash.fi\/?page_id=3087\">Lue loppuun <span class=\"meta-nav\">&rarr;<\/span><\/a><\/p>\n","protected":false},"author":4,"featured_media":0,"parent":0,"menu_order":0,"comment_status":"closed","ping_status":"closed","template":"","meta":{"footnotes":""},"class_list":["post-3087","page","type-page","status-publish","hentry"],"_links":{"self":[{"href":"https:\/\/www.hsksquash.fi\/index.php?rest_route=\/wp\/v2\/pages\/3087","targetHints":{"allow":["GET"]}}],"collection":[{"href":"https:\/\/www.hsksquash.fi\/index.php?rest_route=\/wp\/v2\/pages"}],"about":[{"href":"https:\/\/www.hsksquash.fi\/index.php?rest_route=\/wp\/v2\/types\/page"}],"author":[{"embeddable":true,"href":"https:\/\/www.hsksquash.fi\/index.php?rest_route=\/wp\/v2\/users\/4"}],"replies":[{"embeddable":true,"href":"https:\/\/www.hsksquash.fi\/index.php?rest_route=%2Fwp%2Fv2%2Fcomments&post=3087"}],"version-history":[{"count":11,"href":"https:\/\/www.hsksquash.fi\/index.php?rest_route=\/wp\/v2\/pages\/3087\/revisions"}],"predecessor-version":[{"id":3257,"href":"https:\/\/www.hsksquash.fi\/index.php?rest_route=\/wp\/v2\/pages\/3087\/revisions\/3257"}],"wp:attachment":[{"href":"https:\/\/www.hsksquash.fi\/index.php?rest_route=%2Fwp%2Fv2%2Fmedia&parent=3087"}],"curies":[{"name":"wp","href":"https:\/\/api.w.org\/{rel}","templated":true}]}}