{"id":3070,"date":"2021-10-20T19:17:11","date_gmt":"2021-10-20T17:17:11","guid":{"rendered":"https:\/\/www.hsksquash.fi\/?page_id=3070"},"modified":"2021-11-17T13:58:22","modified_gmt":"2021-11-17T11:58:22","slug":"opastetut-pelit-sunnuntaisin","status":"publish","type":"page","link":"https:\/\/www.hsksquash.fi\/?page_id=3070","title":{"rendered":"Opastetut pelit sunnuntaisin"},"content":{"rendered":"<p><img loading=\"lazy\" decoding=\"async\" class=\"alignnone wp-image-3072\" src=\"https:\/\/www.hsksquash.fi\/wp-content\/uploads\/2021\/10\/SunSquash-300x113.jpg\" alt=\"\" width=\"647\" height=\"244\" srcset=\"https:\/\/www.hsksquash.fi\/wp-content\/uploads\/2021\/10\/SunSquash-300x113.jpg 300w, https:\/\/www.hsksquash.fi\/wp-content\/uploads\/2021\/10\/SunSquash-640x242.jpg 640w, https:\/\/www.hsksquash.fi\/wp-content\/uploads\/2021\/10\/SunSquash-768x291.jpg 768w, https:\/\/www.hsksquash.fi\/wp-content\/uploads\/2021\/10\/SunSquash.jpg 1179w\" sizes=\"auto, (max-width: 647px) 100vw, 647px\" \/><\/p>\n<p>Kokeneet squash pelaajat auttavat alkuun marraskuussa\u00a0<strong>sunnuntaisin\u00a0<\/strong>klo 10:00 &#8211; 12:00<\/p>\n<ul>\n<li>Sopivat peliv\u00e4lineet<\/li>\n<li>Squashin s\u00e4\u00e4nn\u00f6t<\/li>\n<li>Ly\u00f6nnin perustekniikka<\/li>\n<\/ul>\n<p>Varaa itse vuorosi. Olemme Talihallilla paikalla auttamassa alkuun. Talihallin henkil\u00f6kunta auttaa ohjaajien luokse.<\/p>\n<p>Kyselyt opastuksesta vastaavalle voi l\u00e4hett\u00e4\u00e4 osoitteeseen jan@hsksquash.fi<\/p>\n<p style=\"text-align: center;\"><b>Tervetuloa mukaan!<\/b><\/p>\n<p><img loading=\"lazy\" decoding=\"async\" class=\"wp-image-3074 alignleft\" src=\"https:\/\/www.hsksquash.fi\/wp-content\/uploads\/2021\/10\/Address.jpg\" alt=\"\" width=\"192\" height=\"106\" \/><img loading=\"lazy\" decoding=\"async\" class=\"wp-image-3075 alignleft\" src=\"https:\/\/www.hsksquash.fi\/wp-content\/uploads\/2021\/10\/Contact.jpg\" alt=\"\" width=\"207\" height=\"115\" \/><\/p>\n<p>&nbsp;<\/p>\n<p>&nbsp;<\/p>\n<p>&nbsp;<\/p>\n<p><b>Talihallin perhehinta: <\/b>kun alle 16 v. tulee vanhempansa tai muun aikuisen kanssa pelaamaan squashia, <b>hinta on 11 \u20ac\/tunti<\/b>. Pelivuoron voi varata etuk\u00e4teen ja peliaika ma\u2013su klo 15.30 asti.<\/p>\n","protected":false},"excerpt":{"rendered":"<p>Kokeneet squash pelaajat auttavat alkuun marraskuussa\u00a0sunnuntaisin\u00a0klo 10:00 &#8211; 12:00 Sopivat peliv\u00e4lineet Squashin s\u00e4\u00e4nn\u00f6t Ly\u00f6nnin perustekniikka Varaa itse vuorosi. Olemme Talihallilla paikalla auttamassa alkuun. Talihallin henkil\u00f6kunta auttaa ohjaajien luokse. Kyselyt opastuksesta vastaavalle voi l\u00e4hett\u00e4\u00e4 osoitteeseen jan@hsksquash.fi Tervetuloa mukaan! &nbsp; &nbsp; &nbsp; &hellip; <a href=\"https:\/\/www.hsksquash.fi\/?page_id=3070\">Lue loppuun <span class=\"meta-nav\">&rarr;<\/span><\/a><\/p>\n","protected":false},"author":4,"featured_media":0,"parent":0,"menu_order":0,"comment_status":"closed","ping_status":"closed","template":"","meta":{"footnotes":""},"class_list":["post-3070","page","type-page","status-publish","hentry"],"_links":{"self":[{"href":"https:\/\/www.hsksquash.fi\/index.php?rest_route=\/wp\/v2\/pages\/3070","targetHints":{"allow":["GET"]}}],"collection":[{"href":"https:\/\/www.hsksquash.fi\/index.php?rest_route=\/wp\/v2\/pages"}],"about":[{"href":"https:\/\/www.hsksquash.fi\/index.php?rest_route=\/wp\/v2\/types\/page"}],"author":[{"embeddable":true,"href":"https:\/\/www.hsksquash.fi\/index.php?rest_route=\/wp\/v2\/users\/4"}],"replies":[{"embeddable":true,"href":"https:\/\/www.hsksquash.fi\/index.php?rest_route=%2Fwp%2Fv2%2Fcomments&post=3070"}],"version-history":[{"count":11,"href":"https:\/\/www.hsksquash.fi\/index.php?rest_route=\/wp\/v2\/pages\/3070\/revisions"}],"predecessor-version":[{"id":3122,"href":"https:\/\/www.hsksquash.fi\/index.php?rest_route=\/wp\/v2\/pages\/3070\/revisions\/3122"}],"wp:attachment":[{"href":"https:\/\/www.hsksquash.fi\/index.php?rest_route=%2Fwp%2Fv2%2Fmedia&parent=3070"}],"curies":[{"name":"wp","href":"https:\/\/api.w.org\/{rel}","templated":true}]}}