{"id":237,"date":"2011-04-07T16:06:03","date_gmt":"2011-04-07T14:06:03","guid":{"rendered":"https:\/\/www.hsksquash.fi\/?page_id=237"},"modified":"2021-02-16T12:16:29","modified_gmt":"2021-02-16T10:16:29","slug":"organisaatio","status":"publish","type":"page","link":"https:\/\/www.hsksquash.fi\/?page_id=237","title":{"rendered":"Organisaatio"},"content":{"rendered":"<p><strong>HALLITUS vuonna 2021<\/strong><\/p>\n<p>Puheenjohtaja Markku Hyrske<br \/>\nVarapuheenjohtaja Jan Riutta<br \/>\nSihteeri Poku Salo<br \/>\nJ\u00e4sen Hanna-Mari Halme<br \/>\nJ\u00e4sen Kenneth Granroot<br \/>\nJ\u00e4sen Olli Marjomaa<\/p>\n<p>L\u00e4het\u00e4 s\u00e4hk\u00f6postia hallitukselle: info[at]hsksquash.fi<\/p>\n<p><a href=\"https:\/\/www.hsksquash.fi\/wp-content\/uploads\/2021\/02\/Organisointi1.pdf\"><img decoding=\"async\" src=\"https:\/\/www.hsksquash.fi\/wp-content\/uploads\/2021\/02\/Organisointi1.jpg\"><\/a><\/p>\n<p><a href=\"https:\/\/www.hsksquash.fi\/wp-content\/uploads\/2021\/02\/Organisointi2.pdf\"><img decoding=\"async\" src=\"https:\/\/www.hsksquash.fi\/wp-content\/uploads\/2021\/02\/Organisointi2.jpg\"><\/a><\/p>\n<p><a href=\"https:\/\/www.hsksquash.fi\/wp-content\/uploads\/2021\/02\/Organisointi3.pdf\"><img decoding=\"async\" src=\"https:\/\/www.hsksquash.fi\/wp-content\/uploads\/2021\/02\/Organisointi3.jpg\"><\/a><\/p>\n","protected":false},"excerpt":{"rendered":"<p>HALLITUS vuonna 2021 Puheenjohtaja Markku Hyrske Varapuheenjohtaja Jan Riutta Sihteeri Poku Salo J\u00e4sen Hanna-Mari Halme J\u00e4sen Kenneth Granroot J\u00e4sen Olli Marjomaa L\u00e4het\u00e4 s\u00e4hk\u00f6postia hallitukselle: info[at]hsksquash.fi<\/p>\n","protected":false},"author":2,"featured_media":0,"parent":10,"menu_order":9,"comment_status":"closed","ping_status":"closed","template":"","meta":{"footnotes":""},"class_list":["post-237","page","type-page","status-publish","hentry"],"_links":{"self":[{"href":"https:\/\/www.hsksquash.fi\/index.php?rest_route=\/wp\/v2\/pages\/237","targetHints":{"allow":["GET"]}}],"collection":[{"href":"https:\/\/www.hsksquash.fi\/index.php?rest_route=\/wp\/v2\/pages"}],"about":[{"href":"https:\/\/www.hsksquash.fi\/index.php?rest_route=\/wp\/v2\/types\/page"}],"author":[{"embeddable":true,"href":"https:\/\/www.hsksquash.fi\/index.php?rest_route=\/wp\/v2\/users\/2"}],"replies":[{"embeddable":true,"href":"https:\/\/www.hsksquash.fi\/index.php?rest_route=%2Fwp%2Fv2%2Fcomments&post=237"}],"version-history":[{"count":18,"href":"https:\/\/www.hsksquash.fi\/index.php?rest_route=\/wp\/v2\/pages\/237\/revisions"}],"predecessor-version":[{"id":2937,"href":"https:\/\/www.hsksquash.fi\/index.php?rest_route=\/wp\/v2\/pages\/237\/revisions\/2937"}],"up":[{"embeddable":true,"href":"https:\/\/www.hsksquash.fi\/index.php?rest_route=\/wp\/v2\/pages\/10"}],"wp:attachment":[{"href":"https:\/\/www.hsksquash.fi\/index.php?rest_route=%2Fwp%2Fv2%2Fmedia&parent=237"}],"curies":[{"name":"wp","href":"https:\/\/api.w.org\/{rel}","templated":true}]}}