{"id":218,"date":"2011-04-03T11:54:55","date_gmt":"2011-04-03T09:54:55","guid":{"rendered":"https:\/\/www.hsksquash.fi\/?page_id=218"},"modified":"2021-02-17T09:57:37","modified_gmt":"2021-02-17T07:57:37","slug":"hall-of-fame-1","status":"publish","type":"page","link":"https:\/\/www.hsksquash.fi\/?page_id=218","title":{"rendered":"Hall of Fame 1"},"content":{"rendered":"<p>SM-kilpailut \/ FM t\u00e4vlingar \/ Finnish Championships<\/p>\n<p><strong>1970<\/strong><\/p>\n<p>Miehet \/ M\u00e4n \/ Men<br \/>\n1. Poku Salo<br \/>\n2. Pekka Petersen-Dyggve<br \/>\n3. Mauno Rintanen<\/p>\n<p>Pojat \/ Pojkar \/ Boys\u00a0 &lt; 19<br \/>\n1. Tom Gall\u00e9n<br \/>\n2. Matti Haverinen<br \/>\n3. Henrik Bj\u00f6rnstr\u00f6m<\/p>\n<p>Miehet \/ M\u00e4n \/ Men\u00a0 &gt; 45<br \/>\n1. Mauno Rintanen<br \/>\n2. Sakari Salo<br \/>\n3. Jukka Salomaa<\/p>\n<p>Naiset \/ Kvinnor \/ Women<br \/>\n1. Annika Swanljung<br \/>\n2. Eva Arrenius<br \/>\n3. Maikku Petersen-Dyggve<\/p>\n<p><strong>1971<\/strong><\/p>\n<p>Miehet \/ M\u00e4n \/ Men<br \/>\n1. Poku Salo<br \/>\n2. Pekka Petersen-Dyggve<br \/>\n3. Kale Leskinen<\/p>\n<p>Pojat \/ Pojkar \/ Boys\u00a0 &lt; 19<br \/>\n1. Kale Leskinen<br \/>\n2. Harri Bucht<br \/>\n3. Arno Puhk<\/p>\n<p>Miehet \/ M\u00e4n \/ Men\u00a0 &gt; 45<br \/>\n1. Mauno Rintanen<br \/>\n2. Sakari Salo<br \/>\n3. Ola Forsberg<\/p>\n<p>Naiset \/ Kvinnor \/ Women<br \/>\n1. Eija Jones<br \/>\n2. Helvi Persson<br \/>\n3. Nina Forsberg<\/p>\n<p><strong>1972<\/strong><\/p>\n<p>Miehet \/ M\u00e4n \/ Men<br \/>\n1. Poku Salo<br \/>\n2. Kale Leskinen<br \/>\n3. Pekka Petersen-Dyggve<\/p>\n<p>Pojat \/ Pojkar \/ Boys\u00a0 &lt; 19<br \/>\n2. Harri Bucht<\/p>\n<p>Miehet \/ M\u00e4n \/ Men\u00a0 &gt; 45<br \/>\n1. Mauno Rintanen<br \/>\n2. Sakari Salo<br \/>\n3. Ola Forsberg<\/p>\n<p>Naiset \/ Kvinnor \/ Women<br \/>\n1. Eija Jones<br \/>\n2. Marke Ritvanen<br \/>\n3. Lea Kihlberg<\/p>\n<p><strong>1973<\/strong><\/p>\n<p>Miehet \/ M\u00e4n \/ Men<br \/>\n2. Poku Salo<br \/>\n3. Harri Bucht<\/p>\n<p>Miehet \/ M\u00e4n \/ Men\u00a0 &gt; 45<br \/>\n1. Mauno Rintanen<br \/>\n2. Sakari Salo<br \/>\n3. Ola Forsberg<\/p>\n<p>Naiset \/ Kvinnor \/ Women<br \/>\n1. Eija Jones<br \/>\n2. Marke Ritvanen<\/p>\n<p><strong>1974<\/strong><\/p>\n<p>Miehet \/ M\u00e4n \/ Men<br \/>\n1. Harri Bucht<br \/>\n2. Poku Salo<br \/>\n3. Pekka Petersen-Dyggve<\/p>\n<p>Miehet \/ M\u00e4n \/ Men\u00a0 &gt; 45<br \/>\n1. Mauno Rintanen<br \/>\n2. Sakari Salo<br \/>\n3. Dave Bensky<\/p>\n<p>Naiset \/ Kvinnor \/ Women<br \/>\n1. Eija Jones<br \/>\n2. Helvi Persson<\/p>\n<p><strong>1975<\/strong><\/p>\n<p>Miehet \/ M\u00e4n \/ Men<br \/>\n1. Harri Bucht<br \/>\n2. Poku Salo<\/p>\n<p>Miehet \/ M\u00e4n \/ Men\u00a0 &gt; 45<br \/>\n1. Mauno Rintanen<br \/>\n2. Sakari Salo<br \/>\n3. Dave Bensky<\/p>\n<p>Naiset \/ Kvinnor \/ Women<br \/>\n1. Eija Jones<br \/>\n3. Marke Ritvanen<\/p>\n<p><strong>1976<\/strong><\/p>\n<p>Miehet \/ M\u00e4n \/ Men<br \/>\n2. Harri Bucht<br \/>\n3. Poku Salo<\/p>\n<p>Miehet \/ M\u00e4n \/ Men\u00a0 &gt; 45<br \/>\n1. Mauno Rintanen<br \/>\n2. Sakari Salo<\/p>\n<p>Naiset \/ Kvinnor \/ Women<br \/>\n2. Eija Jones<\/p>\n<p><strong>1977<\/strong><\/p>\n<p>Miehet \/ M\u00e4n \/ Men<br \/>\n3. Harri Bucht<\/p>\n<p>Miehet \/ M\u00e4n \/ Men\u00a0 &gt; 45<br \/>\n1. Mauno Rintanen<br \/>\n2. Sakari Salo<br \/>\n3. Jukka Salomaa<\/p>\n<p>Naiset \/ Kvinnor \/ Women<br \/>\n2. Eija Jones<\/p>\n<p><strong>1978<\/strong><\/p>\n<p>Miehet \/ M\u00e4n \/ Men<br \/>\n1. Poku Salo<br \/>\n2. Roger Jones<\/p>\n<p>Miehet \/ M\u00e4n \/ Men\u00a0 &gt; 45<br \/>\n1. Mauno Rintanen<br \/>\n2. Jukka Salomaa<\/p>\n<p>Naiset \/ Kvinnor \/ Women<br \/>\n2. Eija Jones<\/p>\n<p>SM-sarja miehet \/ FM-serien m\u00e4n \/ National league men<br \/>\n3. HSK<\/p>\n<p>SM-sarja naiset \/ FM-serien kvinnor \/ National league women<br \/>\n3. HSK<\/p>\n<p><strong>1979<\/strong><\/p>\n<p>Miehet \/ M\u00e4n \/ Men<br \/>\n2. Roger Jones<br \/>\n3. Harri Bucht<\/p>\n<p>Miehet \/ M\u00e4n \/ Men\u00a0 &gt; 35<br \/>\n1. Roger Jones<br \/>\n2. Pekka Petersen-Dyggve<br \/>\n3. Juha Heinonen<\/p>\n<p>Miehet \/ M\u00e4n \/ Men\u00a0 &gt; 45<br \/>\n1. Mauno Rintanen<\/p>\n<p>Naiset \/ Kvinnor \/ Women &gt;30<br \/>\n2. Eija Jones<\/p>\n<p><strong>1980<\/strong><\/p>\n<p>Miehet \/ M\u00e4n \/ Men<br \/>\n1. Harri Bucht<br \/>\n3. Poku Salo<\/p>\n<p>Miehet \/ M\u00e4n \/ Men\u00a0 &gt; 35<br \/>\n1. Roger Jones<br \/>\n2. Pekka Petersen-Dyggve<br \/>\n3. Juha Heinonen<\/p>\n<p>Naiset \/ Kvinnor \/ Women\u00a0 &gt; 30<br \/>\n1. Eija Jones<\/p>\n<p>SM-sarja miehet \/ FM-serien m\u00e4n \/ National league men<br \/>\n1. HSK<\/p>\n<p><strong>1981<\/strong><\/p>\n<p>Miehet \/ M\u00e4n \/ Men<br \/>\n2. Roger Jones<br \/>\n3. Harri Bucht<\/p>\n<p>Miehet \/ M\u00e4n \/ Men\u00a0 &gt; 35<br \/>\n2. Pekka Petersen-Dyggve<br \/>\n3. Juha Heinonen<\/p>\n<p>SM-sarja miehet \/ FM-serien m\u00e4n \/ National league men<br \/>\n1. HSK<\/p>\n<p><strong>1982<\/strong><br \/>\n&#8211;<\/p>\n<p><strong>1983<\/strong><\/p>\n<p>Miehet \/ M\u00e4n \/ Men<br \/>\n3. Harri Bucht<\/p>\n<p><strong>1984<\/strong><\/p>\n<p>Miehet \/ M\u00e4n \/ Men\u00a0 &gt; 35<br \/>\n1. Poku Salo<\/p>\n<p><strong>2012<\/strong><\/p>\n<p>Tyt\u00f6t \/ Flickor \/ Girls\u00a0 &lt; 11<br \/>\n1. Liisa Serenius<\/p>\n<p><strong>2014<\/strong><\/p>\n<p>Tyt\u00f6t \/ Flickor \/ Girls &lt; 13<br \/>\n1. Liisa Serenius<\/p>\n<p>Miehet \/ M\u00e4n \/ Men &gt; 55<br \/>\n2. Kale Leskinen<\/p>\n<p>Naiset \/ Damer \/ Women &gt; 45<br \/>\n2. Sari Ahlblad<\/p>\n<p>Miehet, joukkue \/ M\u00e4n, lag \/ Men, team &gt; 45<br \/>\n2. Kale Leskinen, Olli Marjomaa, Seppo Rissanen<\/p>\n<p>Miehet, joukkue \/ M\u00e4n, lag \/ Men, Team &gt; 55<br \/>\n3. Markku Hyrske, Jarmo Holm, Timo Luhtala, Tapio Ekholm<\/p>\n<p><strong>2015<\/strong><\/p>\n<p>Naiset \/ Kvinnor \/ Women &gt; 50<br \/>\n1. Sari Ahlblad<\/p>\n<p>Miehet \/ M\u00e4n \/ Men &gt; 60<br \/>\n1. Kale Leskinen<\/p>\n<p>Miehet \/ M\u00e4n \/ Men &gt; 65<br \/>\n2. Jarmo Holm<\/p>\n<p>Juniorijoukkue \/Junior, lag \/ Juniors team &lt; 11<br \/>\n3. Antto M\u00e4\u00e4tt\u00e4nen, Einojuhani Nurmi, Elias Traclet<\/p>\n<p>Juniorijoukkue \/Junior, lag \/ Juniors team &lt; 19<br \/>\n3. Rasmus Sirki\u00e4, Joel Jalovaara, Meeri S\u00e4rkk\u00e4<\/p>\n<p><strong>2016<\/strong><\/p>\n<p>Miehet \/ M\u00e4n \/ Men &gt; 60<br \/>\n3. Jari Mether<\/p>\n<p>Tyt\u00f6t \/ Flickor \/ Girls &lt; 17<br \/>\n3. Meeri S\u00e4rkk\u00e4<\/p>\n<p>Pojat \/ Pojkar \/ Boys &lt; 17<br \/>\n3. Joel Jalovaara<\/p>\n<p><strong>2017<\/strong><\/p>\n<p>Miehet \/ M\u00e4n \/ Men &gt; 60<br \/>\n3. Jarmo Holm<\/p>\n<p>Pojat \/ Pojkar \/ Boys &lt; 19<br \/>\n1. Joel Jalovaara<\/p>\n<p>Tyt\u00f6t \/ Flickor \/ Girls &lt; 19<br \/>\n3. Meeri S\u00e4rkk\u00e4<\/p>\n<p><strong>2018<\/strong><\/p>\n<p>Miehet \/ M\u00e4n \/ Men &gt; 65<br \/>\n3. Jarmo Holm<\/p>\n<p>Naiset \/ Kvinnor \/ Women &gt; 55<br \/>\n1. Sari Ahlblad<br \/>\n3. Erja Toivonen<\/p>\n<p>Tyt\u00f6t \/ Flickor \/ Girls &lt; 19<br \/>\n3. Meeri S\u00e4rkk\u00e4<\/p>\n<p>Pojat \/ Pojkar \/ Boys &lt; 13<br \/>\n2. Eemi Lehto<\/p>\n<p><strong>2019<\/strong><\/p>\n<p>SM-sarja naiset \/ FM-serien kvinnor \/ National leagie women<br \/>\n3. HSK<\/p>\n<p>Miehet \/ M\u00e4n \/ Men &gt; 65<br \/>\n1. Markku Hyrske<\/p>\n<p>Miehet \/ M\u00e4n \/ Men &gt; 70<br \/>\n1. Jarmo Holm<\/p>\n<p>Naiset \/ Kvinnor \/ Women &gt; 50<br \/>\n1. Sari Niemist\u00f6<\/p>\n<p><strong>2020<\/strong><br \/>\nPojat \/ Pojkar \/ Boys &lt; 11<br \/>\n2. Justus Timonen<\/p>\n<p>Miehet \/ M\u00e4n \/ Men &gt; 70<br \/>\n1. Jarmo Holm<\/p>\n<p>Miehet B \/ M\u00e4n B \/ Men B<br \/>\n2. Riku Salminen<\/p>\n<p>Miehet D \/ M\u00e4n D \/ Men D<br \/>\n2. Jouni Suominen<\/p>\n<p>Naiset B \/ Kvinnor B \/ Women B<br \/>\n1. Sari Niemist\u00f6<\/p>\n<p><u>Racketlon<\/u><br \/>\nMiehet B \/ M\u00e4n B \/ Men B<br \/>\n1. Ahti Antikainen<\/p>\n<p><u>Racketlon<\/u><br \/>\nMiehet \/ M\u00e4n \/ Men &gt; 55<br \/>\n1. Ahti Antikainen<\/p>\n","protected":false},"excerpt":{"rendered":"<p>SM-kilpailut \/ FM t\u00e4vlingar \/ Finnish Championships 1970 Miehet \/ M\u00e4n \/ Men 1. Poku Salo 2. Pekka Petersen-Dyggve 3. Mauno Rintanen Pojat \/ Pojkar \/ Boys\u00a0 &lt; 19 1. Tom Gall\u00e9n 2. Matti Haverinen 3. Henrik Bj\u00f6rnstr\u00f6m Miehet \/ &hellip; <a href=\"https:\/\/www.hsksquash.fi\/?page_id=218\">Lue loppuun <span class=\"meta-nav\">&rarr;<\/span><\/a><\/p>\n","protected":false},"author":2,"featured_media":0,"parent":10,"menu_order":7,"comment_status":"closed","ping_status":"closed","template":"","meta":{"footnotes":""},"class_list":["post-218","page","type-page","status-publish","hentry"],"_links":{"self":[{"href":"https:\/\/www.hsksquash.fi\/index.php?rest_route=\/wp\/v2\/pages\/218","targetHints":{"allow":["GET"]}}],"collection":[{"href":"https:\/\/www.hsksquash.fi\/index.php?rest_route=\/wp\/v2\/pages"}],"about":[{"href":"https:\/\/www.hsksquash.fi\/index.php?rest_route=\/wp\/v2\/types\/page"}],"author":[{"embeddable":true,"href":"https:\/\/www.hsksquash.fi\/index.php?rest_route=\/wp\/v2\/users\/2"}],"replies":[{"embeddable":true,"href":"https:\/\/www.hsksquash.fi\/index.php?rest_route=%2Fwp%2Fv2%2Fcomments&post=218"}],"version-history":[{"count":21,"href":"https:\/\/www.hsksquash.fi\/index.php?rest_route=\/wp\/v2\/pages\/218\/revisions"}],"predecessor-version":[{"id":2955,"href":"https:\/\/www.hsksquash.fi\/index.php?rest_route=\/wp\/v2\/pages\/218\/revisions\/2955"}],"up":[{"embeddable":true,"href":"https:\/\/www.hsksquash.fi\/index.php?rest_route=\/wp\/v2\/pages\/10"}],"wp:attachment":[{"href":"https:\/\/www.hsksquash.fi\/index.php?rest_route=%2Fwp%2Fv2%2Fmedia&parent=218"}],"curies":[{"name":"wp","href":"https:\/\/api.w.org\/{rel}","templated":true}]}}