{"id":2164,"date":"2017-10-06T16:50:20","date_gmt":"2017-10-06T14:50:20","guid":{"rendered":"https:\/\/www.hsksquash.fi\/?page_id=2164"},"modified":"2017-10-06T16:50:20","modified_gmt":"2017-10-06T14:50:20","slug":"tulokset-2017-2018-2","status":"publish","type":"page","link":"https:\/\/www.hsksquash.fi\/?page_id=2164","title":{"rendered":"Tulokset 2017-2018"},"content":{"rendered":"<p><strong>Tulokset osakisa 1.\/6 \u00a02017-2018<\/strong><\/p>\n<ol>\n<li>Mika Ventoniemi<\/li>\n<li>Jari Simonen<\/li>\n<li>Jouni Suominen<\/li>\n<li>Hannu Karjalainen<\/li>\n<li>Heli M\u00e4kel\u00e4<\/li>\n<li>Jorma Kemppainen (uusi)<\/li>\n<li>Timo Sepp\u00e4l\u00e4 (uusi)<\/li>\n<\/ol>\n","protected":false},"excerpt":{"rendered":"<p>Tulokset osakisa 1.\/6 \u00a02017-2018 Mika Ventoniemi Jari Simonen Jouni Suominen Hannu Karjalainen Heli M\u00e4kel\u00e4 Jorma Kemppainen (uusi) Timo Sepp\u00e4l\u00e4 (uusi)<\/p>\n","protected":false},"author":3,"featured_media":0,"parent":0,"menu_order":0,"comment_status":"closed","ping_status":"closed","template":"","meta":{"footnotes":""},"class_list":["post-2164","page","type-page","status-publish","hentry"],"_links":{"self":[{"href":"https:\/\/www.hsksquash.fi\/index.php?rest_route=\/wp\/v2\/pages\/2164","targetHints":{"allow":["GET"]}}],"collection":[{"href":"https:\/\/www.hsksquash.fi\/index.php?rest_route=\/wp\/v2\/pages"}],"about":[{"href":"https:\/\/www.hsksquash.fi\/index.php?rest_route=\/wp\/v2\/types\/page"}],"author":[{"embeddable":true,"href":"https:\/\/www.hsksquash.fi\/index.php?rest_route=\/wp\/v2\/users\/3"}],"replies":[{"embeddable":true,"href":"https:\/\/www.hsksquash.fi\/index.php?rest_route=%2Fwp%2Fv2%2Fcomments&post=2164"}],"version-history":[{"count":1,"href":"https:\/\/www.hsksquash.fi\/index.php?rest_route=\/wp\/v2\/pages\/2164\/revisions"}],"predecessor-version":[{"id":2165,"href":"https:\/\/www.hsksquash.fi\/index.php?rest_route=\/wp\/v2\/pages\/2164\/revisions\/2165"}],"wp:attachment":[{"href":"https:\/\/www.hsksquash.fi\/index.php?rest_route=%2Fwp%2Fv2%2Fmedia&parent=2164"}],"curies":[{"name":"wp","href":"https:\/\/api.w.org\/{rel}","templated":true}]}}