{"id":2155,"date":"2017-10-05T11:12:35","date_gmt":"2017-10-05T09:12:35","guid":{"rendered":"https:\/\/www.hsksquash.fi\/?page_id=2155"},"modified":"2017-12-01T17:01:45","modified_gmt":"2017-12-01T15:01:45","slug":"tulokset-2017-2018","status":"publish","type":"page","link":"https:\/\/www.hsksquash.fi\/?page_id=2155","title":{"rendered":"Tulokset 2017-2018"},"content":{"rendered":"<p><strong>Osakisa 1\/6, 29.09.2017<\/strong><br \/>\n1. Mika Ventoniemi, 12 p<br \/>\n2. Jari Simonen, 10 p<br \/>\n3. Jouni Suominen, 9 p<br \/>\n4. Hannu Karjalainen, 8 p<br \/>\n5. \u00a0Heli M\u00e4kel\u00e4, 7 p<br \/>\n6. Jorma Kemppainen, 6 p<br \/>\n7. Timo Sepp\u00e4l\u00e4, 5 p<\/p>\n","protected":false},"excerpt":{"rendered":"<p>Osakisa 1\/6, 29.09.2017 1. Mika Ventoniemi, 12 p 2. Jari Simonen, 10 p 3. Jouni Suominen, 9 p 4. Hannu Karjalainen, 8 p 5. \u00a0Heli M\u00e4kel\u00e4, 7 p 6. Jorma Kemppainen, 6 p 7. Timo Sepp\u00e4l\u00e4, 5 p<\/p>\n","protected":false},"author":3,"featured_media":0,"parent":143,"menu_order":4,"comment_status":"closed","ping_status":"closed","template":"","meta":{"footnotes":""},"class_list":["post-2155","page","type-page","status-publish","hentry"],"_links":{"self":[{"href":"https:\/\/www.hsksquash.fi\/index.php?rest_route=\/wp\/v2\/pages\/2155","targetHints":{"allow":["GET"]}}],"collection":[{"href":"https:\/\/www.hsksquash.fi\/index.php?rest_route=\/wp\/v2\/pages"}],"about":[{"href":"https:\/\/www.hsksquash.fi\/index.php?rest_route=\/wp\/v2\/types\/page"}],"author":[{"embeddable":true,"href":"https:\/\/www.hsksquash.fi\/index.php?rest_route=\/wp\/v2\/users\/3"}],"replies":[{"embeddable":true,"href":"https:\/\/www.hsksquash.fi\/index.php?rest_route=%2Fwp%2Fv2%2Fcomments&post=2155"}],"version-history":[{"count":2,"href":"https:\/\/www.hsksquash.fi\/index.php?rest_route=\/wp\/v2\/pages\/2155\/revisions"}],"predecessor-version":[{"id":2217,"href":"https:\/\/www.hsksquash.fi\/index.php?rest_route=\/wp\/v2\/pages\/2155\/revisions\/2217"}],"up":[{"embeddable":true,"href":"https:\/\/www.hsksquash.fi\/index.php?rest_route=\/wp\/v2\/pages\/143"}],"wp:attachment":[{"href":"https:\/\/www.hsksquash.fi\/index.php?rest_route=%2Fwp%2Fv2%2Fmedia&parent=2155"}],"curies":[{"name":"wp","href":"https:\/\/api.w.org\/{rel}","templated":true}]}}