{"id":190,"date":"2011-03-22T16:52:24","date_gmt":"2011-03-22T14:52:24","guid":{"rendered":"https:\/\/www.hsksquash.fi\/?page_id=190"},"modified":"2021-02-16T11:34:12","modified_gmt":"2021-02-16T09:34:12","slug":"kumppaniksi","status":"publish","type":"page","link":"https:\/\/www.hsksquash.fi\/?page_id=190","title":{"rendered":"Kumppaniksi?"},"content":{"rendered":"<p>LIIT\u00c4 FIRMASI HSK:N JUNIORITOIMINNAN KUMPPANIKSI<\/p>\n<p>Helsingin Squashkerho ry, HSK j\u00e4rjest\u00e4\u00e4 juniority\u00f6t\u00e4 mm. Helsingin kaupungin avustuksella sek\u00e4 Talihallin tuella ja nyt on aika kasvattaa junioritoimintaa toden teolla. Nuorissa on HSK:n ja Suomen tulevaisuus. Siksi HSK on p\u00e4\u00e4tt\u00e4nyt kasvattaa junioritoiminnan m\u00e4\u00e4r\u00e4llisesti ja\u00a0 laadullisesti kansallisesti korkealle tasolle.<\/p>\n<p>HSK hy\u00f6dynt\u00e4\u00e4 k\u00e4rkivalmentajia ja Helsingin parhaita peliolosuhteita Talihallissa, jossa olosuhteet ovat ihanteelliset \u2013 6 squashkentt\u00e4\u00e4, 12 sulkapallokentt\u00e4\u00e4, kahvila sek\u00e4 keilahallin palvelut, mm. ravintola ja kokoustilat. P\u00e4\u00e4valmentajanamme toimii Markku Hyrske, joka on Suomen kokeneimpia squashvalmentajia.<\/p>\n<p>Toimintamme kehitt\u00e4miseksi tarjoamme yrityksellenne HSK:n junioritoiminnan kumppanuutta, josta veloitamme 600 \u20ac 12 kuukauden ajalta. Vastavuoroisesti saatte yrityksenne logon ja linkin nettisivuillemme sek\u00e4 logon esitteisiimme. Lis\u00e4ksi on mahdollista sopia erikseen yhteisty\u00f6st\u00e4, jossa teemana on esim. henkil\u00f6st\u00f6nne virkistystoiminta vaikkapa Talihallissa. Muutenkin yhteisty\u00f6n k\u00e4yt\u00e4nn\u00f6n seikoista voimme sopia erikseen.<\/p>\n<p>HSK:n hallitus<\/p>\n","protected":false},"excerpt":{"rendered":"<p>LIIT\u00c4 FIRMASI HSK:N JUNIORITOIMINNAN KUMPPANIKSI Helsingin Squashkerho ry, HSK j\u00e4rjest\u00e4\u00e4 juniority\u00f6t\u00e4 mm. Helsingin kaupungin avustuksella sek\u00e4 Talihallin tuella ja nyt on aika kasvattaa junioritoimintaa toden teolla. Nuorissa on HSK:n ja Suomen tulevaisuus. Siksi HSK on p\u00e4\u00e4tt\u00e4nyt kasvattaa junioritoiminnan m\u00e4\u00e4r\u00e4llisesti ja\u00a0 &hellip; <a href=\"https:\/\/www.hsksquash.fi\/?page_id=190\">Lue loppuun <span class=\"meta-nav\">&rarr;<\/span><\/a><\/p>\n","protected":false},"author":2,"featured_media":0,"parent":0,"menu_order":8,"comment_status":"open","ping_status":"open","template":"","meta":{"footnotes":""},"class_list":["post-190","page","type-page","status-publish","hentry"],"_links":{"self":[{"href":"https:\/\/www.hsksquash.fi\/index.php?rest_route=\/wp\/v2\/pages\/190","targetHints":{"allow":["GET"]}}],"collection":[{"href":"https:\/\/www.hsksquash.fi\/index.php?rest_route=\/wp\/v2\/pages"}],"about":[{"href":"https:\/\/www.hsksquash.fi\/index.php?rest_route=\/wp\/v2\/types\/page"}],"author":[{"embeddable":true,"href":"https:\/\/www.hsksquash.fi\/index.php?rest_route=\/wp\/v2\/users\/2"}],"replies":[{"embeddable":true,"href":"https:\/\/www.hsksquash.fi\/index.php?rest_route=%2Fwp%2Fv2%2Fcomments&post=190"}],"version-history":[{"count":5,"href":"https:\/\/www.hsksquash.fi\/index.php?rest_route=\/wp\/v2\/pages\/190\/revisions"}],"predecessor-version":[{"id":2941,"href":"https:\/\/www.hsksquash.fi\/index.php?rest_route=\/wp\/v2\/pages\/190\/revisions\/2941"}],"wp:attachment":[{"href":"https:\/\/www.hsksquash.fi\/index.php?rest_route=%2Fwp%2Fv2%2Fmedia&parent=190"}],"curies":[{"name":"wp","href":"https:\/\/api.w.org\/{rel}","templated":true}]}}