{"id":162,"date":"2011-03-19T13:44:58","date_gmt":"2011-03-19T11:44:58","guid":{"rendered":"https:\/\/www.hsksquash.fi\/?page_id=162"},"modified":"2024-04-08T14:45:06","modified_gmt":"2024-04-08T12:45:06","slug":"jaseneksi","status":"publish","type":"page","link":"https:\/\/www.hsksquash.fi\/?page_id=162","title":{"rendered":"J\u00e4seneksi"},"content":{"rendered":"<p>Helsingin Squashkerho on avoin kaikentasoisille squashin harrastajille aloittelijasta kilpapelaajaan. Tarjoamme toimintaa alkaen 8-vuotiaista tyt\u00f6ist\u00e4 ja pojista aina vanhimpiin senioreihin asti.<\/p>\n<p>Aikuisten j\u00e4senedut<br \/>\n&#8211; Saat alennuksen 4\u20ac\/tunti Talihallin irtovuoroista: arkisin ennen klo 15.30 ja illan viimeinen tunti ja la-su koko p\u00e4iv\u00e4n<br \/>\n&#8211; Saat edullisemman osallistumisen HSK:n Kerhoiltoihin perjantaisin<br \/>\n&#8211; Voit osallistua Suomen Squashliiton alaiseen kilpailutoimintaan<\/p>\n<p>Juniorien j\u00e4senedut<br \/>\n&#8211; P\u00e4\u00e4set mukaan ohjattuihin harrastaja- ja kilparyhmiin<br \/>\n&#8211; P\u00e4\u00e4set mukaan Suomen Squashliiton alaiseen kilpailutoimintaan<br \/>\n&#8211; Tuemme v\u00e4h\u00e4varaisten lasten harrastusta tapauskohtaisesti<\/p>\n<p>J\u00e4senmaksu vuodelle 2024 on 60,00 euroa aikuisj\u00e4senilt\u00e4 ja 30,00 euroa alle 19-vuotiailta juniorij\u00e4senilt\u00e4 (ei liittymismaksua).<\/p>\n<p>Aikuisj\u00e4seneksi ilmoittaudut l\u00e4hett\u00e4m\u00e4ll\u00e4 alla olevat tiedot s\u00e4hk\u00f6postitse osoitteeseen info[at]hsksquash.fi;<br \/>\nNimi:<br \/>\nSyntym\u00e4aika:<br \/>\nOsoite:<br \/>\nPuhelin nro:<br \/>\nS\u00e4hk\u00f6postiosoite:<br \/>\nJ\u00e4senmaksulaskun l\u00e4het\u00e4mme sinulle t\u00e4m\u00e4n j\u00e4lkeen s\u00e4hk\u00f6postina.<\/p>\n<p>Juniorij\u00e4senhakemuksen tulee olla kirjallinen ja huoltajan allekirjoittama. Kaavakkeen saat l\u00e4hett\u00e4m\u00e4ll\u00e4 pyynn\u00f6n osoitteeseen info(a)hsksquash.fi. Saatuasi sen, tulosta, t\u00e4yt\u00e4 ja toimita kerholle.<\/p>\n<p>&nbsp;<br \/>\n<span style=\"color: #3366ff;\">Helsingfors Squashklubb \u00e4r \u00f6ppen f\u00f6r alla squash intresserade, \u00e4ven nyb\u00f6rjare; oberoende av \u00e5lder, k\u00f6n etc..<\/span><\/p>\n<p><span style=\"color: #3366ff;\">Inskrivningsavgift uppb\u00e4r klubben inte, medlemsavgiften 2021 f\u00f6r fullvuxna \u00e4r 60,00 euro och 30,00 euro f\u00f6r juniorer under 19 \u00e5r.<br \/>\n<\/span><\/p>\n<p><span style=\"color: #3366ff;\">Medlemsans\u00f6kan (fullvuxna) g\u00f6r du genom att skicka nedanst\u00e5ende uppgifter per e-post till info[at]hsksquash.fi:<\/span><br \/>\n<span style=\"color: #3366ff;\">Namn<\/span>:<br \/>\n<span style=\"color: #3366ff;\"> F\u00f6delsedatum<\/span>:<br \/>\n<span style=\"color: #3366ff;\"> Adress<\/span>:<br \/>\n<span style=\"color: #3366ff;\"> Telefon nr<\/span>:<br \/>\n<span style=\"color: #3366ff;\"> E-post adress:<\/span><br \/>\n<span style=\"color: #3366ff;\"> Sedan skickar vi dig r\u00e4kningen per epost.<\/p>\n<p><span style=\"color: #3366ff;\">Juniormedlemsans\u00f6kan b\u00f6r vara skriftlig och av m\u00e5lsman undertecknad. <span style=\"color: #3366ff;\">Ans\u00f6kningsformul\u00e4ret f\u00e5r du genom att skicka beg\u00e4ran till info(a)hsksquash.fi.<\/span><br \/>\nN\u00e4r du har f\u00e5tt det, printa, fyll i och leverera till klubben.<\/span><\/p>\n","protected":false},"excerpt":{"rendered":"<p>Helsingin Squashkerho on avoin kaikentasoisille squashin harrastajille aloittelijasta kilpapelaajaan. Tarjoamme toimintaa alkaen 8-vuotiaista tyt\u00f6ist\u00e4 ja pojista aina vanhimpiin senioreihin asti. Aikuisten j\u00e4senedut &#8211; Saat alennuksen 4\u20ac\/tunti Talihallin irtovuoroista: arkisin ennen klo 15.30 ja illan viimeinen tunti ja la-su koko p\u00e4iv\u00e4n &hellip; <a href=\"https:\/\/www.hsksquash.fi\/?page_id=162\">Lue loppuun <span class=\"meta-nav\">&rarr;<\/span><\/a><\/p>\n","protected":false},"author":2,"featured_media":0,"parent":10,"menu_order":5,"comment_status":"closed","ping_status":"closed","template":"","meta":{"footnotes":""},"class_list":["post-162","page","type-page","status-publish","hentry"],"_links":{"self":[{"href":"https:\/\/www.hsksquash.fi\/index.php?rest_route=\/wp\/v2\/pages\/162","targetHints":{"allow":["GET"]}}],"collection":[{"href":"https:\/\/www.hsksquash.fi\/index.php?rest_route=\/wp\/v2\/pages"}],"about":[{"href":"https:\/\/www.hsksquash.fi\/index.php?rest_route=\/wp\/v2\/types\/page"}],"author":[{"embeddable":true,"href":"https:\/\/www.hsksquash.fi\/index.php?rest_route=\/wp\/v2\/users\/2"}],"replies":[{"embeddable":true,"href":"https:\/\/www.hsksquash.fi\/index.php?rest_route=%2Fwp%2Fv2%2Fcomments&post=162"}],"version-history":[{"count":40,"href":"https:\/\/www.hsksquash.fi\/index.php?rest_route=\/wp\/v2\/pages\/162\/revisions"}],"predecessor-version":[{"id":3385,"href":"https:\/\/www.hsksquash.fi\/index.php?rest_route=\/wp\/v2\/pages\/162\/revisions\/3385"}],"up":[{"embeddable":true,"href":"https:\/\/www.hsksquash.fi\/index.php?rest_route=\/wp\/v2\/pages\/10"}],"wp:attachment":[{"href":"https:\/\/www.hsksquash.fi\/index.php?rest_route=%2Fwp%2Fv2%2Fmedia&parent=162"}],"curies":[{"name":"wp","href":"https:\/\/api.w.org\/{rel}","templated":true}]}}