{"id":126,"date":"2011-03-19T01:14:12","date_gmt":"2011-03-18T23:14:12","guid":{"rendered":"https:\/\/www.hsksquash.fi\/?page_id=126"},"modified":"2020-03-09T17:39:39","modified_gmt":"2020-03-09T15:39:39","slug":"squashin-pelaamisesta","status":"publish","type":"page","link":"https:\/\/www.hsksquash.fi\/?page_id=126","title":{"rendered":"Squashista"},"content":{"rendered":"<p>SQUASH P\u00c4HKIN\u00c4NKUORESSA<\/p>\n<p>Squash on vauhdikas mailapeli, jonka harrastajat ovat yst\u00e4v\u00e4llist\u00e4 ja reilua v\u00e4ke\u00e4, jotka ottavat mielell\u00e4\u00e4n mukaan kaiken ik\u00e4isi\u00e4 uusia harrastajia. Peli syntyi Englannissa 1900-luvun alussa ja nykyisin sit\u00e4 pelataan 188:ssa maassa.<\/p>\n<p>Suomessa pelaajia on 14.500 aikuista ja n. 1.000 alle 19-vuotiasta. Kentti\u00e4 on n. 200 ymp\u00e4ri maan 100:ssa eri kiinteist\u00f6ss\u00e4. Maajoukkuepelaajamme ovat menestyneet parhaiten kaikista Suomen mailapelaajista.<\/p>\n<p>Kuntoiluna ja terveysliikuntana squash on erinomainen. Vartalo kiinteytyy, painon hallinta helpottuu ja olo kevenee. Laji kehitt\u00e4\u00e4\u00a0 ja yll\u00e4pit\u00e4\u00e4 tutkitusti monipuolisesti fyysist\u00e4 kuntoa. Tiukka ottelu hyv\u00e4ss\u00e4 seurassa on kokonaisvaltainen mukaansa tempaava ponnistus, joka yleens\u00e4 laukaisee tehokkaasti stressi\u00e4 ja vaikutus ulottuu jopa useampaan p\u00e4iv\u00e4\u00e4n.<\/p>\n<p>1-2 kertaa viikossa pelatessa squashissa kest\u00e4vyys paranee normaalikuntoisella kuten lenkkeilyss\u00e4, mutta lis\u00e4ksi kehittyy jalkojen ja keskivartalon voima ja liikkuvuus. Lis\u00e4ksi paranee reagointikyky, nopeus ja ketteryys. T\u00e4st\u00e4 hy\u00f6tyn\u00e4 on esim. selvi\u00e4minen paremmin jalkaisin talven liukkailla ja liikenteess\u00e4 yll\u00e4tt\u00e4viss\u00e4 tilanteissa. Luuliikuntana laji on tutkitusti huippuluokkaa lis\u00e4ten erityisesti nuoruudessa luuston tiheytt\u00e4 ja ik\u00e4\u00e4ntyess\u00e4 luiden haurastuminen eli osteosporoosi hidastuu.<\/p>\n<p>Kilpailujen seuraajalle squash tarjoaa kiihke\u00e4n j\u00e4nnitt\u00e4vi\u00e4 hetki\u00e4. On uskomatonta, mihin maamme huippuammattilaiset pystyv\u00e4t ja miten pieneksi 62,4 m2 kentt\u00e4 muuttuu, kun l\u00e4hes joka palloon ehdit\u00e4\u00e4n ja ly\u00f6d\u00e4\u00e4n tappavan tarkasti. Toisaalta on mahtavaa, miten vaivattomasti taitavimmat lapset pelaavat ja tsemppaavat k\u00e4ytt\u00e4en kaikkia ly\u00f6ntej\u00e4 l\u00e4hes kuten ammattilainen.<\/p>\n<p>SQUASHIN ALOITTAMINEN<\/p>\n<p>Pelaamisen aloittaminen on yksinkertaista. Siihen tarvitaan sis\u00e4tossut, maila ja aloittelijan pallo, jolla peli helpottuu paljon. Kotihalliltamme saa mailan ja pallon alussa lainaksi. Taitojen kerttyess\u00e4 kannattaa hankkia uusia pelikavereita ja tutustua tarkemmin s\u00e4\u00e4nt\u00f6ihin. Pelin perustietoja l\u00f6yd\u00e4t linkist\u00e4: <a href=\"https:\/\/www.squash.fi\/wp-content\/materiaali\/Perustietoja%20sqsta%20pelina.pdf\">https:\/\/www.squash.fi\/wp-content\/materiaali\/Perustietoja%20sqsta%20pelina.pdf<\/a><\/p>\n","protected":false},"excerpt":{"rendered":"<p>SQUASH P\u00c4HKIN\u00c4NKUORESSA Squash on vauhdikas mailapeli, jonka harrastajat ovat yst\u00e4v\u00e4llist\u00e4 ja reilua v\u00e4ke\u00e4, jotka ottavat mielell\u00e4\u00e4n mukaan kaiken ik\u00e4isi\u00e4 uusia harrastajia. Peli syntyi Englannissa 1900-luvun alussa ja nykyisin sit\u00e4 pelataan 188:ssa maassa. Suomessa pelaajia on 14.500 aikuista ja n. 1.000 &hellip; <a href=\"https:\/\/www.hsksquash.fi\/?page_id=126\">Lue loppuun <span class=\"meta-nav\">&rarr;<\/span><\/a><\/p>\n","protected":false},"author":2,"featured_media":0,"parent":0,"menu_order":4,"comment_status":"closed","ping_status":"closed","template":"","meta":{"footnotes":""},"class_list":["post-126","page","type-page","status-publish","hentry"],"_links":{"self":[{"href":"https:\/\/www.hsksquash.fi\/index.php?rest_route=\/wp\/v2\/pages\/126","targetHints":{"allow":["GET"]}}],"collection":[{"href":"https:\/\/www.hsksquash.fi\/index.php?rest_route=\/wp\/v2\/pages"}],"about":[{"href":"https:\/\/www.hsksquash.fi\/index.php?rest_route=\/wp\/v2\/types\/page"}],"author":[{"embeddable":true,"href":"https:\/\/www.hsksquash.fi\/index.php?rest_route=\/wp\/v2\/users\/2"}],"replies":[{"embeddable":true,"href":"https:\/\/www.hsksquash.fi\/index.php?rest_route=%2Fwp%2Fv2%2Fcomments&post=126"}],"version-history":[{"count":22,"href":"https:\/\/www.hsksquash.fi\/index.php?rest_route=\/wp\/v2\/pages\/126\/revisions"}],"predecessor-version":[{"id":2726,"href":"https:\/\/www.hsksquash.fi\/index.php?rest_route=\/wp\/v2\/pages\/126\/revisions\/2726"}],"wp:attachment":[{"href":"https:\/\/www.hsksquash.fi\/index.php?rest_route=%2Fwp%2Fv2%2Fmedia&parent=126"}],"curies":[{"name":"wp","href":"https:\/\/api.w.org\/{rel}","templated":true}]}}