{"id":10,"date":"2011-03-09T06:13:08","date_gmt":"2011-03-09T04:13:08","guid":{"rendered":"http:\/\/stockholm.scenegroup.fi\/~sg1645\/?page_id=10"},"modified":"2014-10-08T08:35:33","modified_gmt":"2014-10-08T06:35:33","slug":"hsk","status":"publish","type":"page","link":"https:\/\/www.hsksquash.fi\/?page_id=10","title":{"rendered":"HSK"},"content":{"rendered":"<p>Helsingin Squashkerho ry on Suomen ensimm\u00e4inen squashin erikoisseura; perustettu vuonna 1970. HSK:n kotihallin, L\u00f6nnrotinkadun Squash-hallin lopetettua toimintansa kerhon toiminta &#8221;pantiin j\u00e4ihin&#8221;, kunnes vuonna 2009 se p\u00e4\u00e4tettiin uudelleen k\u00e4ynnist\u00e4\u00e4. Kerhon uuden alun kotihallina toimi Hotelli Pasilan kolme kentt\u00e4\u00e4 ja j\u00e4senm\u00e4\u00e4r\u00e4 kohosi parin ensimm\u00e4isen vuoden aikana n. 40 j\u00e4seneen. Syksyst\u00e4 2011 HSK:n toiminta siirtyi uuteen Talihalliin.<br \/>\nKerhon toimintaan kuuluu kerhoilta joka perjantai ja kerran kuussa pelataan kerhon sis\u00e4ist\u00e4 tasoituskisa GP-sarjaa. Pelikauden aikana j\u00e4rjestet\u00e4\u00e4n lis\u00e4ksi nelj\u00e4 valmennusiltaa.<br \/>\nJunioritoiminta on my\u00f6s pikkuhiljaa kasvava ja olennainen osa kerhon toimintaa.<br \/>\nKerho on my\u00f6s kunnostautunut kilpailuj\u00e4rjest\u00e4j\u00e4n\u00e4. Olemme toimineet mm Nelinpelin SM-kilpailujen j\u00e4rjest\u00e4j\u00e4n\u00e4 sek\u00e4 Juniorien &amp; seniorien GP-finaalin j\u00e4rjest\u00e4j\u00e4n\u00e4.<\/p>\n<p>Kerho on j\u00e4senen\u00e4 Suomen Squashliitossa ja Suomen Racketlonliitossa.<\/p>\n<hr \/>\n<p><span style=\"color: blue;\">Helsingfors Squashklubb rf \u00e4r Finlands f\u00f6rsta squashklubb; grundades \u00e5r 1970. D\u00e5 HSK:s hemmahall, L\u00f6nnrotsgatans Squash-hall st\u00e4ngdes, avbr\u00f6ts ocks\u00e5 klubbens verksamhet. Verksamhet startades p\u00e5 nytt \u00e5r 2009 och d\u00e5 p\u00e5 Hotell Pasilas tre banor. Medlemsantalet steg p\u00e5 ett par \u00e5r till ca. 40 medlemmar. Fr.o.m. h\u00f6sten 2011 flyttade klubben till den nya Talihallen.<br \/>\nTill klubbens verksamhet h\u00f6r en klubbkv\u00e4ll varje fredag och en g\u00e5ng per m\u00e5nad spelas en intern GP-serie med handikap. Dessutom ordnar vi fyra coachingtillf\u00e4llen under s\u00e4songen.<br \/>\nJuniorverksamheten \u00e4r en sakta men s\u00e4kert v\u00e4xande del av verksamheten.<br \/>\nKlubben har ocks\u00e5 utm\u00e4rkt sig som t\u00e4vlingsarrang\u00f6r. Vi har st\u00e5tt v\u00e4rd f\u00f6r bl.a. dubbelsquash FM t\u00e4vlingar och Junior &amp; senior GP-final.<\/span><\/p>\n<p><span style=\"color: #0000ff;\">HSK \u00e4r medlem i Finlands Squashf\u00f6rbund och Finlands Racketlonf\u00f6rbund.<\/span><\/p>\n<p>&nbsp;<\/p>\n","protected":false},"excerpt":{"rendered":"<p>Helsingin Squashkerho ry on Suomen ensimm\u00e4inen squashin erikoisseura; perustettu vuonna 1970. HSK:n kotihallin, L\u00f6nnrotinkadun Squash-hallin lopetettua toimintansa kerhon toiminta &#8221;pantiin j\u00e4ihin&#8221;, kunnes vuonna 2009 se p\u00e4\u00e4tettiin uudelleen k\u00e4ynnist\u00e4\u00e4. Kerhon uuden alun kotihallina toimi Hotelli Pasilan kolme kentt\u00e4\u00e4 ja j\u00e4senm\u00e4\u00e4r\u00e4 kohosi &hellip; <a href=\"https:\/\/www.hsksquash.fi\/?page_id=10\">Lue loppuun <span class=\"meta-nav\">&rarr;<\/span><\/a><\/p>\n","protected":false},"author":5,"featured_media":0,"parent":0,"menu_order":1,"comment_status":"closed","ping_status":"closed","template":"","meta":{"footnotes":""},"class_list":["post-10","page","type-page","status-publish","hentry"],"_links":{"self":[{"href":"https:\/\/www.hsksquash.fi\/index.php?rest_route=\/wp\/v2\/pages\/10","targetHints":{"allow":["GET"]}}],"collection":[{"href":"https:\/\/www.hsksquash.fi\/index.php?rest_route=\/wp\/v2\/pages"}],"about":[{"href":"https:\/\/www.hsksquash.fi\/index.php?rest_route=\/wp\/v2\/types\/page"}],"author":[{"embeddable":true,"href":"https:\/\/www.hsksquash.fi\/index.php?rest_route=\/wp\/v2\/users\/5"}],"replies":[{"embeddable":true,"href":"https:\/\/www.hsksquash.fi\/index.php?rest_route=%2Fwp%2Fv2%2Fcomments&post=10"}],"version-history":[{"count":13,"href":"https:\/\/www.hsksquash.fi\/index.php?rest_route=\/wp\/v2\/pages\/10\/revisions"}],"predecessor-version":[{"id":798,"href":"https:\/\/www.hsksquash.fi\/index.php?rest_route=\/wp\/v2\/pages\/10\/revisions\/798"}],"wp:attachment":[{"href":"https:\/\/www.hsksquash.fi\/index.php?rest_route=%2Fwp%2Fv2%2Fmedia&parent=10"}],"curies":[{"name":"wp","href":"https:\/\/api.w.org\/{rel}","templated":true}]}}